{"id":10337,"date":"2025-06-11T11:34:20","date_gmt":"2025-06-11T09:34:20","guid":{"rendered":"https:\/\/aidia-pitch.de\/?page_id=10337"},"modified":"2026-04-14T20:10:18","modified_gmt":"2026-04-14T18:10:18","slug":"thrst","status":"publish","type":"page","link":"https:\/\/aidia-pitch.de\/en\/thrst","title":{"rendered":"THRST."},"content":{"rendered":"<p>[et_pb_section fb_built=&#8220;1&#8243; custom_padding_last_edited=&#8220;off|desktop&#8220; _builder_version=&#8220;4.27.6&#8243; _module_preset=&#8220;default&#8220; background_color=&#8220;RGBA(255,255,255,0)&#8220; use_background_color_gradient=&#8220;on&#8220; background_color_gradient_stops=&#8220;rgba(255,255,255,0) 50%|#20123a 100%&#8220; background_color_gradient_overlays_image=&#8220;on&#8220; background_image=&#8220;https:\/\/aidia-pitch.de\/wp-content\/uploads\/2025\/06\/aidia-pitch_thrst-banner_1206.jpg&#8220; height=&#8220;70vh&#8220; height_tablet=&#8220;70vh&#8220; height_phone=&#8220;50vh&#8220; height_last_edited=&#8220;on|desktop&#8220; custom_margin_last_edited=&#8220;off|desktop&#8220; custom_padding=&#8220;40px|5%|40px|5%|false|false&#8220; custom_padding_tablet=&#8220;0px|5%|40px|5%|false|false&#8220; custom_padding_phone=&#8220;0px|5%|40px|5%|false|false&#8220; bottom_divider_color=&#8220;#20123A&#8220; da_disable_devices=&#8220;off|off|off&#8220; global_colors_info=&#8220;{}&#8220; da_is_popup=&#8220;off&#8220; da_exit_intent=&#8220;off&#8220; da_has_close=&#8220;on&#8220; da_alt_close=&#8220;off&#8220; da_dark_close=&#8220;off&#8220; da_not_modal=&#8220;on&#8220; da_is_singular=&#8220;off&#8220; da_with_loader=&#8220;off&#8220; da_has_shadow=&#8220;on&#8220;][\/et_pb_section][et_pb_section fb_built=&#8220;1&#8243; _builder_version=&#8220;4.27.4&#8243; _module_preset=&#8220;default&#8220; background_color=&#8220;RGBA(255,255,255,0)&#8220; custom_padding=&#8220;80px|5%||5%|false|true&#8220; da_disable_devices=&#8220;off|off|off&#8220; global_colors_info=&#8220;{}&#8220; da_is_popup=&#8220;off&#8220; da_exit_intent=&#8220;off&#8220; da_has_close=&#8220;on&#8220; da_alt_close=&#8220;off&#8220; da_dark_close=&#8220;off&#8220; da_not_modal=&#8220;on&#8220; da_is_singular=&#8220;off&#8220; da_with_loader=&#8220;off&#8220; da_has_shadow=&#8220;on&#8220;][et_pb_row column_structure=&#8220;2_3,1_3&#8243; _builder_version=&#8220;4.27.6&#8243; _module_preset=&#8220;default&#8220; width=&#8220;100%&#8220; custom_padding=&#8220;||0px||false|false&#8220; global_colors_info=&#8220;{}&#8220;][et_pb_column type=&#8220;2_3&#8243; _builder_version=&#8220;4.21.0&#8243; _module_preset=&#8220;default&#8220; global_colors_info=&#8220;{}&#8220;][et_pb_text _builder_version=&#8220;4.27.6&#8243; _module_preset=&#8220;default&#8220; text_font=&#8220;||||||||&#8220; header_font=&#8220;&#8211;et_global_body_font|&#8211;et_global_heading_font_weight|||||||&#8220; header_text_color=&#8220;#FFFFFF&#8220; header_2_font=&#8220;&#8211;et_global_body_font|900|||||||&#8220; header_2_text_color=&#8220;#FFFFFF&#8220; header_3_font=&#8220;&#8211;et_global_body_font||||||||&#8220; header_3_text_color=&#8220;#FFFFFF&#8220; header_3_font_size=&#8220;24px&#8220; header_4_font=&#8220;Roboto||||||||&#8220; header_4_text_color=&#8220;#FFFFFF&#8220; header_font_size_tablet=&#8220;40px&#8220; header_font_size_phone=&#8220;34px&#8220; header_font_size_last_edited=&#8220;on|desktop&#8220; global_colors_info=&#8220;{}&#8220;]<\/p>\n<h1>THRST.<\/h1>\n<h3>Where Business Grows &amp; Culture Flows<\/h3>\n<p><strong>THRST.<\/strong> steht f\u00fcr den unstillbaren Durst, mehr zu wollen. Mehr Ambition. Mehr Austausch. Mehr Wirkung. F\u00fcr alle, die nicht einfach nur dabei sein wollen \u2013 sondern gestalten.<\/p>\n<p>Im Juli 2025 startete unsere neue monatliche Afterwork-Reihe in Hamburg \u2013 immer am ersten Donnerstag im Monat. Mit <strong>THRST.<\/strong> schaffen wir einen Ort f\u00fcr Menschen mit Leidenschaft, Drive und Vision. F\u00fcr Gr\u00fcnder:innen, Kreative, Investor:innen und Macher:innen, die Business weiterdenken \u2013 und Kultur als Treiber f\u00fcr Innovation verstehen.<\/p>\n<p>\u2611\ufe0f Pers\u00f6nliche Impulse &amp; Storytelling<br \/>\u2611\ufe0f Relevantes Networking &amp; neue Begegnungen<br \/>\u2611\ufe0f Culture Vibes &amp; Live-Acts<\/p>\n<p><strong>THRST.<\/strong> ist kein klassisches Networking-Event \u2013 sondern ein kuratierter Space f\u00fcr echte Verbindungen, mutige Ideen und eine neue Gr\u00fcndungskultur in Hamburg.<\/p>\n<p>[\/et_pb_text][\/et_pb_column][et_pb_column type=&#8220;1_3&#8243; _builder_version=&#8220;4.21.0&#8243; _module_preset=&#8220;default&#8220; global_colors_info=&#8220;{}&#8220;][ba_image_carousel content_alignment=&#8220;center&#8220; slide_count=&#8220;1&#8243; slide_spacing=&#8220;0px&#8220; nav_bg=&#8220;rgba(0,0,0,0.5)&#8220; nav_border_color=&#8220;rgba(0,0,0,0.7)&#8220; _builder_version=&#8220;4.27.6&#8243; _module_preset=&#8220;default&#8220; hover_enabled=&#8220;0&#8243; border_radii_image=&#8220;on|20px|20px|20px|20px&#8220; global_colors_info=&#8220;{}&#8220; nav_bg__hover_enabled=&#8220;off|desktop&#8220; nav_bg__hover=&#8220;rgba(255,255,255,0.8)&#8220; nav_color=&#8220;#FFFFFF&#8220; nav_border_width=&#8220;0.5px&#8220; nav_pos_x=&#8220;5px&#8220; sticky_enabled=&#8220;0&#8243;][ba_image_carousel_child photo=&#8220;https:\/\/aidia-pitch.de\/wp-content\/uploads\/2025\/06\/aidia-pitch_THRST_250618_25.jpg&#8220; _builder_version=&#8220;4.27.4&#8243; _module_preset=&#8220;default&#8220; global_colors_info=&#8220;{}&#8220;][\/ba_image_carousel_child][ba_image_carousel_child photo=&#8220;https:\/\/aidia-pitch.de\/wp-content\/uploads\/2025\/06\/aidia-pitch_THRST_250618_51.jpg&#8220; _builder_version=&#8220;4.27.4&#8243; _module_preset=&#8220;default&#8220; global_colors_info=&#8220;{}&#8220;][\/ba_image_carousel_child][ba_image_carousel_child photo=&#8220;https:\/\/aidia-pitch.de\/wp-content\/uploads\/2025\/06\/aidia-pitch_THRST_250618_41.jpg&#8220; _builder_version=&#8220;4.27.4&#8243; _module_preset=&#8220;default&#8220; global_colors_info=&#8220;{}&#8220;][\/ba_image_carousel_child][ba_image_carousel_child photo=&#8220;https:\/\/aidia-pitch.de\/wp-content\/uploads\/2025\/06\/aidia-pitch_THRST_250618_6.jpg&#8220; _builder_version=&#8220;4.27.4&#8243; _module_preset=&#8220;default&#8220; global_colors_info=&#8220;{}&#8220;][\/ba_image_carousel_child][ba_image_carousel_child photo=&#8220;https:\/\/aidia-pitch.de\/wp-content\/uploads\/2025\/06\/aidia-pitch_THRST_250618_7.jpg&#8220; _builder_version=&#8220;4.27.4&#8243; _module_preset=&#8220;default&#8220; global_colors_info=&#8220;{}&#8220;][\/ba_image_carousel_child][ba_image_carousel_child photo=&#8220;https:\/\/aidia-pitch.de\/wp-content\/uploads\/2025\/06\/aidia-pitch_THRST_250618_8.jpg&#8220; _builder_version=&#8220;4.27.4&#8243; _module_preset=&#8220;default&#8220; global_colors_info=&#8220;{}&#8220;][\/ba_image_carousel_child][ba_image_carousel_child photo=&#8220;https:\/\/aidia-pitch.de\/wp-content\/uploads\/2025\/06\/aidia-pitch_THRST_250618_10.jpg&#8220; _builder_version=&#8220;4.27.4&#8243; _module_preset=&#8220;default&#8220; global_colors_info=&#8220;{}&#8220;][\/ba_image_carousel_child][ba_image_carousel_child photo=&#8220;https:\/\/aidia-pitch.de\/wp-content\/uploads\/2025\/06\/aidia-pitch_THRST_250618_11.jpg&#8220; _builder_version=&#8220;4.27.4&#8243; _module_preset=&#8220;default&#8220; global_colors_info=&#8220;{}&#8220;][\/ba_image_carousel_child][ba_image_carousel_child photo=&#8220;https:\/\/aidia-pitch.de\/wp-content\/uploads\/2025\/06\/aidia-pitch_THRST_250618_37.jpg&#8220; _builder_version=&#8220;4.27.4&#8243; _module_preset=&#8220;default&#8220; global_colors_info=&#8220;{}&#8220;][\/ba_image_carousel_child][ba_image_carousel_child photo=&#8220;https:\/\/aidia-pitch.de\/wp-content\/uploads\/2025\/06\/aidia-pitch_THRST_250618_18.jpg&#8220; _builder_version=&#8220;4.27.4&#8243; _module_preset=&#8220;default&#8220; global_colors_info=&#8220;{}&#8220;][\/ba_image_carousel_child][ba_image_carousel_child photo=&#8220;https:\/\/aidia-pitch.de\/wp-content\/uploads\/2025\/06\/aidia-pitch_THRST_250618_20.jpg&#8220; _builder_version=&#8220;4.27.4&#8243; _module_preset=&#8220;default&#8220; global_colors_info=&#8220;{}&#8220;][\/ba_image_carousel_child][ba_image_carousel_child photo=&#8220;https:\/\/aidia-pitch.de\/wp-content\/uploads\/2025\/06\/aidia-pitch_THRST_250618_32.jpg&#8220; _builder_version=&#8220;4.27.4&#8243; _module_preset=&#8220;default&#8220; global_colors_info=&#8220;{}&#8220;][\/ba_image_carousel_child][ba_image_carousel_child photo=&#8220;https:\/\/aidia-pitch.de\/wp-content\/uploads\/2025\/06\/aidia-pitch_THRST_250618_30.jpg&#8220; _builder_version=&#8220;4.27.4&#8243; _module_preset=&#8220;default&#8220; global_colors_info=&#8220;{}&#8220;][\/ba_image_carousel_child][ba_image_carousel_child photo=&#8220;https:\/\/aidia-pitch.de\/wp-content\/uploads\/2025\/06\/aidia-pitch_THRST_250618_12.jpg&#8220; _builder_version=&#8220;4.27.4&#8243; _module_preset=&#8220;default&#8220; global_colors_info=&#8220;{}&#8220;][\/ba_image_carousel_child][ba_image_carousel_child photo=&#8220;https:\/\/aidia-pitch.de\/wp-content\/uploads\/2025\/06\/aidia-pitch_THRST_250618_19.jpg&#8220; _builder_version=&#8220;4.27.4&#8243; _module_preset=&#8220;default&#8220; global_colors_info=&#8220;{}&#8220;][\/ba_image_carousel_child][\/ba_image_carousel][\/et_pb_column][\/et_pb_row][\/et_pb_section][et_pb_section fb_built=&#8220;1&#8243; _builder_version=&#8220;4.22.0&#8243; _module_preset=&#8220;default&#8220; background_color=&#8220;RGBA(255,255,255,0)&#8220; custom_padding=&#8220;0px|5%|80px|5%|false|true&#8220; da_disable_devices=&#8220;off|off|off&#8220; global_colors_info=&#8220;{}&#8220; da_is_popup=&#8220;off&#8220; da_exit_intent=&#8220;off&#8220; da_has_close=&#8220;on&#8220; da_alt_close=&#8220;off&#8220; da_dark_close=&#8220;off&#8220; da_not_modal=&#8220;on&#8220; da_is_singular=&#8220;off&#8220; da_with_loader=&#8220;off&#8220; da_has_shadow=&#8220;on&#8220;][et_pb_row _builder_version=&#8220;4.27.0&#8243; _module_preset=&#8220;default&#8220; width=&#8220;100%&#8220; global_colors_info=&#8220;{}&#8220;][et_pb_column type=&#8220;4_4&#8243; _builder_version=&#8220;4.21.0&#8243; _module_preset=&#8220;default&#8220; global_colors_info=&#8220;{}&#8220;][et_pb_text _builder_version=&#8220;4.27.4&#8243; _module_preset=&#8220;default&#8220; header_font=&#8220;||||||||&#8220; header_2_font=&#8220;&#8211;et_global_body_font||||||||&#8220; header_2_text_color=&#8220;#FFFFFF&#8220; global_colors_info=&#8220;{}&#8220;]<\/p>\n<h2>N\u00e4chste Veranstaltungen<\/h2>\n<p>[\/et_pb_text][decm_event_display event_selection=&#8220;custom_event&#8220; included_categories=&#8220;82&#8243; use_current_loop=&#8220;on&#8220; show_postponed_canceled_event=&#8220;on&#8220; show_recurring_events=&#8220;off&#8220; show_date=&#8220;off&#8220; show_name=&#8220;off&#8220; show_price=&#8220;off&#8220; show_price_ticket=&#8220;off&#8220; show_rsvp_feed=&#8220;off&#8220; show_category=&#8220;off&#8220; show_tag=&#8220;off&#8220; show_weburl=&#8220;off&#8220; callout_month_format=&#8220;M&#8220; show_icon_label=&#8220;icon&#8220; event_count=&#8220;12&#8243; layout=&#8220;cover&#8220; cover_columns=&#8220;4&#8243; open_toggle_background_color=&#8220;#000000&#8243; overlay_image_background_color=&#8220;rgba(0,0,0,0.8)&#8220; callout_background_color=&#8220;#EFEFEF&#8220; details_link_color=&#8220;#FFFFFF&#8220; details_icon_color=&#8220;#FFFFFF&#8220; event_inner_spacing=&#8220;0px|0px|0px|0px|true|true&#8220; view_more_text=&#8220;Weitere Details&#8220; details_margin_overlay=&#8220;||||false|false&#8220; details_padding_overlay=&#8220;20px|20px|20px|20px|false|false&#8220; callout_padding=&#8220;15px|20px|15px|20px|true|true&#8220; image_aspect_ratio=&#8220;1\/1&#8243; button_align=&#8220;on&#8220; module_class=&#8220;pa-upcoming-events&#8220; _builder_version=&#8220;4.27.4&#8243; _module_preset=&#8220;default&#8220; title_font=&#8220;&#8211;et_global_body_font|700|||||||&#8220; title_text_color=&#8220;#FFFFFF&#8220; title_font_size=&#8220;20px&#8220; title_line_height=&#8220;1.4em&#8220; duration_font_size=&#8220;18px&#8220; duration_labels_text_color=&#8220;#FFFFFF&#8220; excerpt_font=&#8220;||on||||||&#8220; excerpt_text_color=&#8220;#FFFFFF&#8220; excerpt_font_size=&#8220;18px&#8220; callout_date_font_size=&#8220;20px&#8220; callout_date_line_height=&#8220;1em&#8220; callout_month_font_size=&#8220;18px&#8220; callout_month_line_height=&#8220;1em&#8220; background_color=&#8220;RGBA(255,255,255,0)&#8220; custom_view_more=&#8220;on&#8220; view_more_text_size=&#8220;16px&#8220; view_more_text_color=&#8220;#000000&#8243; view_more_bg_color=&#8220;#FFFFFF&#8220; view_more_border_color=&#8220;RGBA(255,255,255,0)&#8220; view_more_border_radius=&#8220;100px&#8220; view_more_font=&#8220;|700|||||||&#8220; view_more_use_icon=&#8220;off&#8220; view_more_custom_margin=&#8220;0px|auto|auto|auto|false|false&#8220; module_alignment=&#8220;center&#8220; custom_margin=&#8220;0px||||false|false&#8220; custom_margin_tablet=&#8220;&#8220; custom_margin_phone=&#8220;&#8220; custom_margin_last_edited=&#8220;on|desktop&#8220; duration_font_size_tablet=&#8220;17px&#8220; duration_font_size_phone=&#8220;16px&#8220; duration_font_size_last_edited=&#8220;on|phone&#8220; excerpt_font_size_tablet=&#8220;17px&#8220; excerpt_font_size_phone=&#8220;16px&#8220; excerpt_font_size_last_edited=&#8220;on|phone&#8220; border_radii_thumbnail_border=&#8220;on|10px|10px|10px|10px&#8220; border_radii_event_border=&#8220;on|10px|10px|10px|10px&#8220; border_radii_callout_border=&#8220;on|10px|10px|10px|10px&#8220; box_shadow_style_event_box_shadow=&#8220;preset1&#8243; box_shadow_vertical_event_box_shadow=&#8220;0px&#8220; box_shadow_blur_event_box_shadow=&#8220;20px&#8220; box_shadow_color_event_box_shadow=&#8220;rgba(0,7,25,0.05)&#8220; locked=&#8220;off&#8220; global_colors_info=&#8220;%91%93&#8243;][\/decm_event_display][\/et_pb_column][\/et_pb_row][\/et_pb_section][et_pb_section fb_built=&#8220;1&#8243; _builder_version=&#8220;4.22.0&#8243; _module_preset=&#8220;default&#8220; background_color=&#8220;RGBA(255,255,255,0)&#8220; custom_padding=&#8220;0px|5%|80px|5%|false|true&#8220; da_disable_devices=&#8220;off|off|off&#8220; global_colors_info=&#8220;{}&#8220; da_is_popup=&#8220;off&#8220; da_exit_intent=&#8220;off&#8220; da_has_close=&#8220;on&#8220; da_alt_close=&#8220;off&#8220; da_dark_close=&#8220;off&#8220; da_not_modal=&#8220;on&#8220; da_is_singular=&#8220;off&#8220; da_with_loader=&#8220;off&#8220; da_has_shadow=&#8220;on&#8220;][et_pb_row _builder_version=&#8220;4.27.0&#8243; _module_preset=&#8220;default&#8220; width=&#8220;100%&#8220; global_colors_info=&#8220;{}&#8220;][et_pb_column type=&#8220;4_4&#8243; _builder_version=&#8220;4.21.0&#8243; _module_preset=&#8220;default&#8220; global_colors_info=&#8220;{}&#8220;][et_pb_text _builder_version=&#8220;4.27.4&#8243; _module_preset=&#8220;default&#8220; header_font=&#8220;||||||||&#8220; header_2_font=&#8220;&#8211;et_global_body_font||||||||&#8220; header_2_text_color=&#8220;#FFFFFF&#8220; global_colors_info=&#8220;{}&#8220;]<\/p>\n<h2>Vergangene Veranstaltungen<\/h2>\n<p>[\/et_pb_text][decm_event_display event_selection=&#8220;custom_event&#8220; included_categories=&#8220;82&#8243; use_current_loop=&#8220;on&#8220; show_postponed_canceled_event=&#8220;on&#8220; show_recurring_events=&#8220;off&#8220; show_past=&#8220;past_events&#8220; show_date=&#8220;off&#8220; show_name=&#8220;off&#8220; show_price=&#8220;off&#8220; show_price_ticket=&#8220;off&#8220; show_rsvp_feed=&#8220;off&#8220; show_category=&#8220;off&#8220; show_tag=&#8220;off&#8220; show_weburl=&#8220;off&#8220; callout_month_format=&#8220;M&#8220; show_icon_label=&#8220;icon&#8220; event_count=&#8220;12&#8243; layout=&#8220;cover&#8220; cover_columns=&#8220;4&#8243; open_toggle_background_color=&#8220;#000000&#8243; overlay_image_background_color=&#8220;rgba(0,0,0,0.8)&#8220; callout_background_color=&#8220;#EFEFEF&#8220; details_link_color=&#8220;#FFFFFF&#8220; details_icon_color=&#8220;#FFFFFF&#8220; event_inner_spacing=&#8220;0px|0px|0px|0px|true|true&#8220; view_more_text=&#8220;Weitere Details&#8220; details_margin_overlay=&#8220;||||false|false&#8220; details_padding_overlay=&#8220;20px|20px|20px|20px|false|false&#8220; callout_padding=&#8220;15px|20px|15px|20px|true|true&#8220; image_aspect_ratio=&#8220;1\/1&#8243; button_align=&#8220;on&#8220; module_class=&#8220;pa-upcoming-events&#8220; _builder_version=&#8220;4.27.4&#8243; _module_preset=&#8220;default&#8220; title_font=&#8220;&#8211;et_global_body_font|700|||||||&#8220; title_text_color=&#8220;#FFFFFF&#8220; title_font_size=&#8220;20px&#8220; title_line_height=&#8220;1.4em&#8220; duration_font_size=&#8220;18px&#8220; duration_labels_text_color=&#8220;#FFFFFF&#8220; excerpt_font=&#8220;||on||||||&#8220; excerpt_text_color=&#8220;#FFFFFF&#8220; excerpt_font_size=&#8220;18px&#8220; callout_date_font_size=&#8220;20px&#8220; callout_date_line_height=&#8220;1em&#8220; callout_month_font_size=&#8220;18px&#8220; callout_month_line_height=&#8220;1em&#8220; background_color=&#8220;RGBA(255,255,255,0)&#8220; custom_view_more=&#8220;on&#8220; view_more_text_size=&#8220;16px&#8220; view_more_text_color=&#8220;#000000&#8243; view_more_bg_color=&#8220;#FFFFFF&#8220; view_more_border_color=&#8220;RGBA(255,255,255,0)&#8220; view_more_border_radius=&#8220;100px&#8220; view_more_font=&#8220;|700|||||||&#8220; view_more_use_icon=&#8220;off&#8220; view_more_custom_margin=&#8220;0px|auto|auto|auto|false|false&#8220; module_alignment=&#8220;center&#8220; custom_margin=&#8220;0px||||false|false&#8220; custom_margin_tablet=&#8220;&#8220; custom_margin_phone=&#8220;&#8220; custom_margin_last_edited=&#8220;on|desktop&#8220; duration_font_size_tablet=&#8220;17px&#8220; duration_font_size_phone=&#8220;16px&#8220; duration_font_size_last_edited=&#8220;on|phone&#8220; excerpt_font_size_tablet=&#8220;17px&#8220; excerpt_font_size_phone=&#8220;16px&#8220; excerpt_font_size_last_edited=&#8220;on|phone&#8220; border_radii_thumbnail_border=&#8220;on|10px|10px|10px|10px&#8220; border_radii_event_border=&#8220;on|10px|10px|10px|10px&#8220; border_radii_callout_border=&#8220;on|10px|10px|10px|10px&#8220; box_shadow_style_event_box_shadow=&#8220;preset1&#8243; box_shadow_vertical_event_box_shadow=&#8220;0px&#8220; box_shadow_blur_event_box_shadow=&#8220;20px&#8220; box_shadow_color_event_box_shadow=&#8220;rgba(0,7,25,0.05)&#8220; locked=&#8220;off&#8220; global_colors_info=&#8220;%91%93&#8243;][\/decm_event_display][\/et_pb_column][\/et_pb_row][\/et_pb_section][et_pb_section fb_built=&#8220;1&#8243; disabled_on=&#8220;off|off|off&#8220; _builder_version=&#8220;4.27.4&#8243; _module_preset=&#8220;default&#8220; background_color=&#8220;RGBA(255,255,255,0)&#8220; custom_padding=&#8220;10px|5%||5%|false|true&#8220; da_disable_devices=&#8220;off|off|off&#8220; global_colors_info=&#8220;{}&#8220; da_is_popup=&#8220;off&#8220; da_exit_intent=&#8220;off&#8220; da_has_close=&#8220;on&#8220; da_alt_close=&#8220;off&#8220; da_dark_close=&#8220;off&#8220; da_not_modal=&#8220;on&#8220; da_is_singular=&#8220;off&#8220; da_with_loader=&#8220;off&#8220; da_has_shadow=&#8220;on&#8220;][et_pb_row _builder_version=&#8220;4.22.0&#8243; _module_preset=&#8220;default&#8220; width=&#8220;100%&#8220; custom_padding=&#8220;0px||||false|false&#8220; global_colors_info=&#8220;{}&#8220;][et_pb_column type=&#8220;4_4&#8243; _builder_version=&#8220;4.21.2&#8243; _module_preset=&#8220;default&#8220; global_colors_info=&#8220;{}&#8220;][et_pb_text _builder_version=&#8220;4.27.4&#8243; _module_preset=&#8220;default&#8220; text_font=&#8220;||||||||&#8220; header_font=&#8220;||||||||&#8220; header_3_font=&#8220;&#8211;et_global_body_font||||||||&#8220; header_3_text_align=&#8220;center&#8220; header_3_text_color=&#8220;#FFFFFF&#8220; header_3_font_size=&#8220;24px&#8220; global_colors_info=&#8220;{}&#8220;]<\/p>\n<h3>Powered by<\/h3>\n<p>[\/et_pb_text][et_pb_image src=&#8220;https:\/\/aidia-pitch.de\/wp-content\/uploads\/2025\/06\/aidia-pitch_behoerde-fuer-wirtschaft-und-innovation-logo-weiss.png&#8220; title_text=&#8220;aidia-pitch_behoerde-fuer-wirtschaft-und-innovation-logo-weiss&#8220; align=&#8220;center&#8220; _builder_version=&#8220;4.27.4&#8243; _module_preset=&#8220;default&#8220; max_width=&#8220;250px&#8220; max_width_tablet=&#8220;250px&#8220; max_width_phone=&#8220;250px&#8220; max_width_last_edited=&#8220;on|desktop&#8220; global_colors_info=&#8220;{}&#8220;][\/et_pb_image][\/et_pb_column][\/et_pb_row][\/et_pb_section]<\/p>\n","protected":false},"excerpt":{"rendered":"<p>THRST. Where Business Grows &amp; Culture Flows THRST. steht f\u00fcr den unstillbaren Durst, mehr zu wollen. Mehr Ambition. Mehr Austausch. Mehr Wirkung. F\u00fcr alle, die nicht einfach nur dabei sein [&hellip;]<\/p>\n","protected":false},"author":1,"featured_media":0,"parent":0,"menu_order":0,"comment_status":"closed","ping_status":"closed","template":"","meta":{"_et_pb_use_builder":"on","_et_pb_old_content":"","_et_gb_content_width":"","footnotes":""},"class_list":["post-10337","page","type-page","status-publish","hentry"],"aioseo_notices":[],"_links":{"self":[{"href":"https:\/\/aidia-pitch.de\/en\/wp-json\/wp\/v2\/pages\/10337","targetHints":{"allow":["GET"]}}],"collection":[{"href":"https:\/\/aidia-pitch.de\/en\/wp-json\/wp\/v2\/pages"}],"about":[{"href":"https:\/\/aidia-pitch.de\/en\/wp-json\/wp\/v2\/types\/page"}],"author":[{"embeddable":true,"href":"https:\/\/aidia-pitch.de\/en\/wp-json\/wp\/v2\/users\/1"}],"replies":[{"embeddable":true,"href":"https:\/\/aidia-pitch.de\/en\/wp-json\/wp\/v2\/comments?post=10337"}],"version-history":[{"count":44,"href":"https:\/\/aidia-pitch.de\/en\/wp-json\/wp\/v2\/pages\/10337\/revisions"}],"predecessor-version":[{"id":11429,"href":"https:\/\/aidia-pitch.de\/en\/wp-json\/wp\/v2\/pages\/10337\/revisions\/11429"}],"wp:attachment":[{"href":"https:\/\/aidia-pitch.de\/en\/wp-json\/wp\/v2\/media?parent=10337"}],"curies":[{"name":"wp","href":"https:\/\/api.w.org\/{rel}","templated":true}]}}