{"id":1221,"date":"2022-01-04T11:40:25","date_gmt":"2022-01-04T11:40:25","guid":{"rendered":"http:\/\/aidia-pitch.de\/?page_id=1221"},"modified":"2026-04-01T22:27:31","modified_gmt":"2026-04-01T20:27:31","slug":"impressum","status":"publish","type":"page","link":"https:\/\/aidia-pitch.de\/en\/impressum","title":{"rendered":"Imprint"},"content":{"rendered":"<p>[et_pb_section fb_built=&#8220;1&#8243; _builder_version=&#8220;4.21.0&#8243; _module_preset=&#8220;default&#8220; background_color=&#8220;RGBA(255,255,255,0)&#8220; custom_padding=&#8220;80px|5%|40px|5%|false|false&#8220; da_disable_devices=&#8220;off|off|off&#8220; global_colors_info=&#8220;{}&#8220; da_is_popup=&#8220;off&#8220; da_exit_intent=&#8220;off&#8220; da_has_close=&#8220;on&#8220; da_alt_close=&#8220;off&#8220; da_dark_close=&#8220;off&#8220; da_not_modal=&#8220;on&#8220; da_is_singular=&#8220;off&#8220; da_with_loader=&#8220;off&#8220; da_has_shadow=&#8220;on&#8220;][et_pb_row _builder_version=&#8220;4.20.2&#8243; _module_preset=&#8220;default&#8220; width=&#8220;100%&#8220; global_colors_info=&#8220;{}&#8220;][et_pb_column type=&#8220;4_4&#8243; _builder_version=&#8220;4.16&#8243; _module_preset=&#8220;default&#8220; global_colors_info=&#8220;{}&#8220;][et_pb_text _builder_version=&#8220;4.27.6&#8243; _module_preset=&#8220;default&#8220; text_font=&#8220;||||||||&#8220; header_font=&#8220;&#8211;et_global_body_font||||||||&#8220; header_text_color=&#8220;#FFFFFF&#8220; header_2_font=&#8220;&#8211;et_global_body_font||||||||&#8220; header_2_text_color=&#8220;#FFFFFF&#8220; header_3_font=&#8220;&#8211;et_global_body_font||||||||&#8220; header_3_text_color=&#8220;#FFFFFF&#8220; hover_enabled=&#8220;0&#8243; global_colors_info=&#8220;{}&#8220; sticky_enabled=&#8220;0&#8243;]<\/p>\n<h1 class=\"adsimple-323003241\">Impressum<\/h1>\n<p class=\"adsimple-323003241\">Informationen \u00fcber den Diensteanbieter.<\/p>\n<p><strong>Business Empowerment Hub gUG (haftungsbeschr\u00e4nkt)<\/strong><\/p>\n<p class=\"adsimple-323003241\">Sorbenstra\u00dfe 60-64<br \/>20537 Hamburg<br \/>Deutschland<\/p>\n<p><strong>Register:<\/strong> Handelsregister<br \/><strong>Registernummer:<\/strong> HRB 173148<br \/><strong>Registergericht:<\/strong> Amtsgericht Hamburg<\/p>\n<div style=\"display: none;\"><\/div>\n<p><strong>USt-IdNr.:<\/strong> DE406016451<\/p>\n<p><strong>Gesch\u00e4ftsf\u00fchrer:<\/strong> Irene Aniteye<\/p>\n<div style=\"display: none;\"><\/div>\n<p><strong>Datenschutz Verantwortlicher:<\/strong><br \/>Irene Aniteye<br \/>Sorbenstra\u00dfe 60-64, 20537 Hamburg, Deutschland<br \/><strong>E-Mail:<\/strong> info(at)aidia-pitch.de<br \/><strong>Impressum:<\/strong> <a href=\"https:\/\/aidia-pitch.de\/impressum\" target=\"_blank\" rel=\"noopener\">https:\/\/aidia-pitch.de\/impressum<\/a><\/p>\n<p><strong>Unsere Bankverbindung:<\/strong><br \/>Business Empowerment Hub gUG (haftungsbeschr\u00e4nkt)<br \/>Bank: Qonto \u2013 Olinda Zweigniederlassung Deutschland<br \/>IBAN: DE34100101235931327414<br \/>BIC: QNTODEB2XXX<\/p>\n<div style=\"display: none;\"><\/div>\n<div style=\"display: none;\"><\/div>\n<div style=\"display: none;\"><\/div>\n<div style=\"display: none;\"><\/div>\n<div style=\"display: none;\"><\/div>\n<div style=\"display: none;\"><\/div>\n<div style=\"display: none;\"><\/div>\n<div style=\"display: none;\"><\/div>\n<h2 id=\"universalschlichtungsstelle\" class=\"adsimple-323003241 fusion-responsive-typography-calculated\" data-fontsize=\"24\" style=\"--fontsize: 24; line-height: 1.5; --minfontsize: 24;\" data-lineheight=\"36px\">Universal\u00adschlichtungs\u00adstelle<\/h2>\n<p class=\"adsimple-323003241\">An einem Streitbeilegungsverfahren vor einer Verbraucherschlichtungsstelle nehmen wir teil. Die zust\u00e4ndige Stelle ist die Universalschlichtungsstelle des Bundes, Zentrums f\u00fcr Schlichtung e.V., ans\u00e4ssig in der Stra\u00dfburger Stra\u00dfe 8, 77694 Kehl am Rhein (<a class=\"adsimple-323003241\" href=\"https:\/\/www.verbraucher-schlichter.de\/\" target=\"_blank\" rel=\"follow noopener\">https:\/\/www.verbraucher-schlichter.de<\/a>).<\/p>\n<h2 id=\"eu-streitschlichtung\" class=\"adsimple-323003241 fusion-responsive-typography-calculated\" data-fontsize=\"24\" style=\"--fontsize: 24; line-height: 1.5; --minfontsize: 24;\" data-lineheight=\"36px\">EU-Streitschlichtung<\/h2>\n<p class=\"adsimple-323003241\">Gem\u00e4\u00df Verordnung \u00fcber Online-Streitbeilegung in Verbraucherangelegenheiten (ODR-Verordnung) m\u00f6chten wir Sie \u00fcber die Online-Streitbeilegungsplattform (OS-Plattform) informieren.<br \/>Verbraucher haben die M\u00f6glichkeit, Beschwerden an die Online Streitbeilegungsplattform der Europ\u00e4ischen Kommission unter <a class=\"adsimple-323003241\" href=\"https:\/\/ec.europa.eu\/consumers\/odr\/main\/index.cfm?event=main.home2.show&amp;lng=DE\" target=\"_blank\" rel=\"follow noopener\">https:\/\/ec.europa.eu\/consumers\/odr\/main\/index.cfm?event=main.home2.show&amp;lng=DE<\/a> zu richten. Die daf\u00fcr notwendigen Kontaktdaten finden Sie oberhalb in unserem Impressum.<\/p>\n<p class=\"adsimple-323003241\">Wir m\u00f6chten Sie jedoch darauf hinweisen, dass wir nicht bereit oder verpflichtet sind, an Streitbeilegungsverfahren vor einer Verbraucherschlichtungsstelle teilzunehmen.<\/p>\n<h2 id=\"bildernachweis\" class=\"adsimple-323003241 fusion-responsive-typography-calculated\" data-fontsize=\"24\" style=\"--fontsize: 24; line-height: 1.5; --minfontsize: 24;\" data-lineheight=\"36px\">Bildernachweis<\/h2>\n<p class=\"adsimple-323003241\">Die Bilder, Fotos und Grafiken auf dieser Webseite sind urheberrechtlich gesch\u00fctzt.<\/p>\n<p><strong>Die Bilderrechte liegen bei:<\/strong><br \/>Fotografin <a href=\"https:\/\/www.irenesmiles.com\/\" target=\"_blank\" rel=\"noopener\">Irene Osei-Poku<\/a><br \/>Fotograf <a href=\"https:\/\/www.riopap.com\/\" target=\"_blank\" rel=\"noopener\">Richard O. Appiagyei aka \u201eRIOPAP\u201d<\/a><\/p>\n<p><strong>Die Rechte der Icons liegen bei:<\/strong><br \/><a href=\"https:\/\/www.flaticon.com\/de\/kostenlose-icons\/lebensmittel\" title=\"lebensmittel Icons\" target=\"_blank\" rel=\"noopener\">Lebensmittel Icons erstellt von Freepik &#8211; Flaticon<\/a><br \/><a href=\"https:\/\/www.flaticon.com\/de\/kostenlose-icons\/stimmaufnahme\" title=\"stimmaufnahme Icons\" target=\"_blank\" rel=\"noopener\">Stimmaufnahme Icons erstellt von Freepik &#8211; Flaticon<\/a><br \/><a href=\"https:\/\/www.flaticon.com\/de\/kostenlose-icons\/gin-tonic\" title=\"gin tonic Icons\" target=\"_blank\" rel=\"noopener\">Gin tonic Icons erstellt von Freepik &#8211; Flaticon<\/a><\/p>\n<h2 id=\"bildernachweis\" class=\"adsimple-323003241 fusion-responsive-typography-calculated\" data-fontsize=\"24\" style=\"--fontsize: 24; line-height: 1.5; --minfontsize: 24;\" data-lineheight=\"36px\">Webdesign<\/h2>\n<p>Christoph Curt H\u00f6lcke<\/p>\n<p>Alle Texte sind urheberrechtlich gesch\u00fctzt.<\/p>\n<p>[\/et_pb_text][\/et_pb_column][\/et_pb_row][\/et_pb_section]<\/p>\n","protected":false},"excerpt":{"rendered":"<p>Impressum Informationen \u00fcber den Diensteanbieter. Business Empowerment Hub gUG (haftungsbeschr\u00e4nkt) Sorbenstra\u00dfe 60-6420537 HamburgDeutschland Register: HandelsregisterRegisternummer: HRB 173148Registergericht: Amtsgericht Hamburg USt-IdNr.: DE406016451 Gesch\u00e4ftsf\u00fchrer: Irene Aniteye Datenschutz Verantwortlicher:Irene AniteyeSorbenstra\u00dfe 60-64, 20537 Hamburg, [&hellip;]<\/p>\n","protected":false},"author":1,"featured_media":5243,"parent":0,"menu_order":0,"comment_status":"closed","ping_status":"closed","template":"","meta":{"_et_pb_use_builder":"on","_et_pb_old_content":"","_et_gb_content_width":"","footnotes":""},"class_list":["post-1221","page","type-page","status-publish","has-post-thumbnail","hentry"],"aioseo_notices":[],"_links":{"self":[{"href":"https:\/\/aidia-pitch.de\/en\/wp-json\/wp\/v2\/pages\/1221","targetHints":{"allow":["GET"]}}],"collection":[{"href":"https:\/\/aidia-pitch.de\/en\/wp-json\/wp\/v2\/pages"}],"about":[{"href":"https:\/\/aidia-pitch.de\/en\/wp-json\/wp\/v2\/types\/page"}],"author":[{"embeddable":true,"href":"https:\/\/aidia-pitch.de\/en\/wp-json\/wp\/v2\/users\/1"}],"replies":[{"embeddable":true,"href":"https:\/\/aidia-pitch.de\/en\/wp-json\/wp\/v2\/comments?post=1221"}],"version-history":[{"count":37,"href":"https:\/\/aidia-pitch.de\/en\/wp-json\/wp\/v2\/pages\/1221\/revisions"}],"predecessor-version":[{"id":11379,"href":"https:\/\/aidia-pitch.de\/en\/wp-json\/wp\/v2\/pages\/1221\/revisions\/11379"}],"wp:featuredmedia":[{"embeddable":true,"href":"https:\/\/aidia-pitch.de\/en\/wp-json\/wp\/v2\/media\/5243"}],"wp:attachment":[{"href":"https:\/\/aidia-pitch.de\/en\/wp-json\/wp\/v2\/media?parent=1221"}],"curies":[{"name":"wp","href":"https:\/\/api.w.org\/{rel}","templated":true}]}}