{"id":4180,"date":"2023-06-16T21:06:44","date_gmt":"2023-06-16T21:06:44","guid":{"rendered":"https:\/\/aidia-pitch.de\/?page_id=4180"},"modified":"2026-03-31T23:57:23","modified_gmt":"2026-03-31T21:57:23","slug":"teilnahmebedingungen","status":"publish","type":"page","link":"https:\/\/aidia-pitch.de\/en\/teilnahmebedingungen","title":{"rendered":"Conditions of participation"},"content":{"rendered":"<p>[et_pb_section fb_built=&#8220;1&#8243; _builder_version=&#8220;4.27.6&#8243; _module_preset=&#8220;default&#8220; background_color=&#8220;RGBA(255,255,255,0)&#8220; hover_enabled=&#8220;0&#8243; da_disable_devices=&#8220;off|off|off&#8220; global_colors_info=&#8220;{}&#8220; custom_padding=&#8220;80px|5%||5%|false|true&#8220; sticky_enabled=&#8220;0&#8243; da_is_popup=&#8220;off&#8220; da_exit_intent=&#8220;off&#8220; da_has_close=&#8220;on&#8220; da_alt_close=&#8220;off&#8220; da_dark_close=&#8220;off&#8220; da_not_modal=&#8220;on&#8220; da_is_singular=&#8220;off&#8220; da_with_loader=&#8220;off&#8220; da_has_shadow=&#8220;on&#8220;][et_pb_row _builder_version=&#8220;4.27.6&#8243; _module_preset=&#8220;default&#8220; hover_enabled=&#8220;0&#8243; global_colors_info=&#8220;{}&#8220; width=&#8220;100%&#8220; sticky_enabled=&#8220;0&#8243;][et_pb_column type=&#8220;4_4&#8243; _builder_version=&#8220;4.21.0&#8243; _module_preset=&#8220;default&#8220; global_colors_info=&#8220;{}&#8220;][et_pb_text _builder_version=&#8220;4.27.6&#8243; _module_preset=&#8220;default&#8220; text_font=&#8220;||||||||&#8220; text_text_color=&#8220;#FFFFFF&#8220; header_font=&#8220;&#8211;et_global_body_font||||||||&#8220; header_text_color=&#8220;#FFFFFF&#8220; header_2_font=&#8220;&#8211;et_global_body_font||||||||&#8220; header_2_text_color=&#8220;#FFFFFF&#8220; header_2_font_size=&#8220;28px&#8220; header_3_font=&#8220;&#8211;et_global_body_font||||||||&#8220; header_3_text_color=&#8220;#FFFFFF&#8220; header_4_font=&#8220;&#8211;et_global_body_font||||||||&#8220; header_4_text_color=&#8220;#FFFFFF&#8220; header_4_font_size=&#8220;20px&#8220; header_5_font=&#8220;&#8211;et_global_body_font||||||||&#8220; header_5_text_color=&#8220;#FFFFFF&#8220; header_6_font=&#8220;&#8211;et_global_body_font||||||||&#8220; header_6_text_color=&#8220;#FFFFFF&#8220; global_colors_info=&#8220;{}&#8220;]<\/p>\n<h4>AiDiA Pitch 2026<\/h4>\n<h1>Teilnahmebedingungen<\/h1>\n<h2>1. Gegenstand<\/h2>\n<p>AiDiA (<a href=\"https:\/\/aidia-pitch.de\/impressum\">Business Empowerment Hub gUG (haftungsbeschr\u00e4nkt), Sorbenstra\u00dfe 60-64, 20537 Hamburg<\/a>) hat sich zum Ziel gesetzt Afrodeutschen Gr\u00fcnder:innen eine Plattform zu geben und ihnen mehr Chancen zu erm\u00f6glichen.<\/p>\n<p>Im Rahmen der Veranstaltung erhalten Gr\u00fcnder:innen, Jungunternehmer:innen und Startups die Gelegenheit, ihre Gesch\u00e4ftsideen und Projekte vor Investor:innen, Ecosystem-Buildern und potentiellen Gesch\u00e4ftspartner:innen zu pr\u00e4sentieren und mit ihnen in Kontakt zu treten.<\/p>\n<h2>2. Teilnahme<\/h2>\n<p>a. Teilnehmen kann neben einzelnen Gr\u00fcnder:innen auch jedes bereits gegr\u00fcndete Startup-Unternehmen, das Teil eines Inkubator- oder Accelerator-Programms ist.<\/p>\n<p>b. Die Teilnahme ist als Vertreter:in eines Unternehmens in Form eines Teams oder einer Einzelperson m\u00f6glich. Die Teilnehmenden m\u00fcssen vollj\u00e4hrig sein und befugt sein, im Namen des Unternehmens zu handeln. Es ist nur eine Bewerbung pro Unternehmen m\u00f6glich.<\/p>\n<p>c. Teilnehmende Einzelpersonen oder Teams m\u00fcssen an den Tagen 15. &#8211; 16.08. und 04. &#8211; 05.09.2026 f\u00fcr vorbereitende Workshops sowie das Finale in Hamburg zur Verf\u00fcgung stehen.<\/p>\n<p>d. Unter den Gr\u00fcndungs-Gesellschafter:innen sollte sich mindestens eine Person mit Afrodeutscher Historie befinden.<\/p>\n<p>e. Der offizielle Bewerbungsstart ist der 15.03.2026. Einsendeschluss ist der 19.04.2026 um 23:59 Uhr. Bis dahin sollte deine Bewerbung \u00fcber unser Portal vollst\u00e4ndig ausgef\u00fcllt und eingereicht sein.<\/p>\n<h2>3. Bewerbung<\/h2>\n<p>a. Die Anmeldung erfolgt \u00fcber die Bewerbungsmaske durch Einreichung eines offizielles Dokuments, welches das Datum der Gr\u00fcndung oder die Teilnahme an einem Inkubatoren- bzw. Acceleratorenprogramm best\u00e4tigt.<\/p>\n<p>b. Der\/Die Teilnehmer:in hat der Veranstalterin solche \u00c4nderungen unverz\u00fcglich mitzuteilen, die sich w\u00e4hrend der Bewerbungsphase und der Durchf\u00fchrung des \u201ePitch-Wettbewerbs<span>\u201c <\/span>zu den Angaben auf dem Bewerbungsbogen ergeben.<\/p>\n<p>c. Teilnehmende haben zudem ein Teamfoto und ein Bewerbungsvideo \u00fcber einen Cloud Download-Link (Empfehlung Google Drive, Dropbox) zur Verf\u00fcgung zu stellen: Video (60s) &#8211; Was ist euer Problem, L\u00f6sung\/Idee, Motivation? Warum sollte die Community f\u00fcr euch voten? (Hochformat 9:16)<\/p>\n<p>d. Die Inhalte m\u00fcssen auch mindestens 8 Wochen nach Bewerbungsschluss mithilfe eures Links herunterzuladen sein.<\/p>\n<p>e. Die Inhalte werden zum Zwecke der Pr\u00e4sentation und Bewerbung der Teilnehmer selbst als auch des Events (also zu Marketingzwecken) ver\u00f6ffentlicht.<\/p>\n<p>f. Ein Anspruch auf Teilnahme an dem Pitch-Event gibt es nicht. AiDiA beh\u00e4lt sich insbesondere das Recht vor, Bewerbungen \u2013 ohne Angaben von Gr\u00fcnden \u2013 nicht zu ber\u00fccksichtigen.<\/p>\n<h2>4. Rechte an der Bewerbung und den Inhalten<\/h2>\n<p>a. Teilnehmende garantieren, Inhaber:in der erforderlichen Rechte an der Gesch\u00e4ftsidee bzw. dem Projekt und dessen Inhalt zu sein. Sind Teilnehmende nicht alleiniger Urheber oder Rechteinhaber, erkl\u00e4ren sie ausdr\u00fccklich, \u00fcber die f\u00fcr die Teilnahme am Pitch-Event erforderlichen Rechte zu verf\u00fcgen.<\/p>\n<p>b. Teilnehmende r\u00e4umen AiDiA an den Bewerbungsunterlagen und deren Inhalt das einfache, zeitlich und r\u00e4umlich unbegrenzte aber nicht exklusive Nutzungsrecht ein, diese auf einem Server zu speichern und\/oder an das Gremium zur Bewertung zu \u00fcbersenden. Zudem hat AiDiA das Recht, mit den gemachten Angaben und Inhalten Profile der Teilnehmenden zu erstellen und diese den Interessierten und Besuchern der Veranstaltung zur Verf\u00fcgung zu stellen. Dies geschieht insbesondere durch Handouts, Flyer und Plakate w\u00e4hrend der Veranstaltung und Social-Media Pr\u00e4sentationen im Vorfeld der Veranstaltung.<\/p>\n<p>c. Mit der Bewerbung erkl\u00e4ren sich die Teilnehmenden damit einverstanden, die zur Verf\u00fcgung gestellten Inhalte zu Marketing- und Pressezwecken vorzustellen. AiDiA wird dabei auf pers\u00f6nliche und rechtliche Interessen R\u00fccksicht nehmen.<\/p>\n<p>d. Ein Anspruch auf R\u00fccksendung der eingereichten Unterlagen und\/oder Inhalte besteht nicht.<\/p>\n<h2>5. Bewertungsphase<\/h2>\n<p>a. Nach fristgerechter Einreichung, werden die Bewerbungen von einem ausgew\u00e4hlten AiDiA-Team auf ihre Vollst\u00e4ndigkeit \u00fcberpr\u00fcft und nach folgenden Kriterien bewertet:<\/p>\n<p>&#8211; Innovation (Welchen Neuerungen bringt eure AiDiA? Gibt es das Vorhaben schon oder seid ihr First Mover?)<\/p>\n<p>&#8211; Wirtschaftlichkeit (Welchen wirtschaftlichen Vorteil bringt euch eure AiDiA? Rentiert sich euer Business Case?)<\/p>\n<p>&#8211; Gr\u00fcnderpers\u00f6nlichkeiten (Wer steckt hinter der AiDiA? Besitzt ihr den Spirit, den Entrepreneur:innen brauchen um erfolgreich zu sein?)<\/p>\n<p>&#8211; Kreativit\u00e4t &amp; B\u00fchnenpr\u00e4senz (Wie originell ist euer Pitchdeck? Wie einzigartig ist eure Pr\u00e4sentation auf der Pitch-B\u00fchne?)<\/p>\n<p>b. Die Teilnehmenden erhalten nach erfolgter Bewertung eine Zu- oder Absage f\u00fcr die n\u00e4chste Runde. Die Gesch\u00e4ftsideen der Bewerbungen, die sich f\u00fcr die zweite Runde qualifiziert haben, werden nach einem Pre-Pitch am TT.05.2026 (Ideenpitch) und TT.05.2024 (Gr\u00fcnderpitch) vom Advisory Board erneut bewertet.<\/p>\n<p>c. In der zweiten Runde erhalten die Teilnehmenden die M\u00f6glichkeit, sich \u00fcber das AiDiA-Golden-Ticket Wettbewerb auf der Social Media Plattform Instagram direkt f\u00fcr das Finale zu qualifizieren.<\/p>\n<p>d. Haben die Teams die Pr\u00fcfung unseres Advisory Boards erfolgreich bestanden oder sich durch den Golden Ticket Wettbewerb direkt f\u00fcr das Finale qualifiziert, erhalten sie eine weitere Zu- oder Absage.<\/p>\n<p>e. In das Finale eingeladen werden 5 Teilnehmende des Gr\u00fcnderpitches und 3 Teilnehmende des Ideenpitches.<\/p>\n<p>f. Die Teilnehmenden werden an einem zweit\u00e4gigen Workshop in unterschiedlichen Sessions bestm\u00f6glich auf ihren Auftritt vorbereitet und erhalten von unseren Coaches wertvollen Input zu ihren Gesch\u00e4ftsmodellen. Au\u00dferdem wird den Teilnehmenden eine pers\u00f6nliche Mentor:in zugeteilt, mit dem\/der sie in 3 virtuellen Sessions das Gesch\u00e4ftsmodell sch\u00e4rfen und sich auf den Auftritt im Finale optimal vorbereiten k\u00f6nnen.<\/p>\n<h2>6. Pitches und Pr\u00e4mien<\/h2>\n<p>a. Im finalen Pitch-Event erhalten die Teilnehmenden der Pitch-Kategorie Gr\u00fcnder:innen-Pitch 5 Minuten und Teilnehmende der Pitch-Kategorie Ideenpitch 3 Minuten, um ihr Gesch\u00e4ftsmodell zu pr\u00e4sentieren. AiDiA beh\u00e4lt sich vor die Pitch-Zeiten ggf. auch kurzfristig anzupassen.<\/p>\n<p>b. Maximal zwei Teammitglieder d\u00fcrfen ihre \u201eAiDiA\u201c bzw. ihr Startup auf der B\u00fchne pr\u00e4sentieren, nach Absprache auch auf Englisch. Wenn auf Englischer Sprache pr\u00e4sentiert werden soll, muss mindestens eine Person im Team vorhanden sein, die etwaige deutsche Fragen der Jury versteht und beantwortet. Bei zwei Pitcher:innen muss mindestens 1 Person Afrodeutsch sein.<\/p>\n<p>c. Neben den Sachpreisen werden die Gewinner der Pitches mit folgenden Preisgeldern pr\u00e4miert:<\/p>\n<p>&#8211; Gr\u00fcnder:innen-Pitch Platz 1: 30.000 EUR<\/p>\n<p>d. Die Gewinner:innen verpflichten sich, die Preisgelder ausschlie\u00dflich f\u00fcr die Weiterentwicklung der Gesch\u00e4ftsidee bzw. den Ausbau des Startups zu investieren. AiDiA beh\u00e4lt sich vor, die Nachweise \u00fcber einen Quartalsbericht, einschlie\u00dflich Finanz\u00fcbersicht, einzuholen.<\/p>\n<h2>7. Haftung und Freistellung<\/h2>\n<p>Sofern Teilnehmende die Bewerbung einreichen, garantieren sie, dass sie keine Inhalte \u00fcbersenden oder pr\u00e4sentieren werden, deren Bereitstellung oder Nutzung gegen geltendes Recht oder Rechte Dritter verst\u00f6\u00dft. Die Teilnehmenden stellen AiDiA von Anspr\u00fcchen gleich welcher Art frei, die aus der Rechtswidrigkeit von Inhalten resultiert, die die Teilnehmenden f\u00fcr die Bewerbung\/Pr\u00e4sentation verwendeten. Die Freistellungsverpflichtung umfasst auch die Verpflichtung, AiDiA von Rechtsverteidigungskosten (z. B. Gerichts- und Rechtsanwaltskosten) vollst\u00e4ndig freizustellen.<\/p>\n<h2>8. Ausschluss von der Teilnahme<\/h2>\n<p>Ein Versto\u00df gegen diese Teilnahmebedingungen berechtigt AiDiA, die jeweiligen Teilnehmenden von der Teilnahme auszuschlie\u00dfen. Dies gilt insbesondere, wenn Teilnehmende falsche Angaben machen oder verwendete Inhalte geltendes Recht oder Rechte Dritter verletzen. Gleiches gilt bei Inhalten, die als gewaltverherrlichend, anst\u00f6\u00dfig, bel\u00e4stigend oder herabw\u00fcrdigend angesehen werden k\u00f6nnen oder in sonstiger Weise gegen das gesellschaftliche Anstandsgef\u00fchl versto\u00dfen.<\/p>\n<h2>9. Abschlie\u00dfend<\/h2>\n<p>a. Sollten die Teilnahmebedingungen unwirksame Regelungen enthalten, bleibt die Wirksamkeit der Bedingungen im \u00dcbrigen unber\u00fchrt.<\/p>\n<p>b. Es gilt deutsches Recht. Ein Rechtsweg zur \u00dcberpr\u00fcfung der Pr\u00e4mierung wird ausgeschlossen.<\/p>\n<p>[\/et_pb_text][\/et_pb_column][\/et_pb_row][\/et_pb_section]<\/p>\n","protected":false},"excerpt":{"rendered":"<p>AiDiA Pitch 2026 Teilnahmebedingungen 1. Gegenstand AiDiA (Business Empowerment Hub gUG (haftungsbeschr\u00e4nkt), Sorbenstra\u00dfe 60-64, 20537 Hamburg) hat sich zum Ziel gesetzt Afrodeutschen Gr\u00fcnder:innen eine Plattform zu geben und ihnen mehr [&hellip;]<\/p>\n","protected":false},"author":1,"featured_media":0,"parent":0,"menu_order":0,"comment_status":"closed","ping_status":"closed","template":"","meta":{"_et_pb_use_builder":"on","_et_pb_old_content":"<!-- wp:columns -->\r\n<div class=\"wp-block-columns\"><!-- wp:column {\"width\":\"100%\"} -->\r\n<div class=\"wp-block-column\" style=\"flex-basis:100%\"><\/div>\r\n<!-- \/wp:column --><\/div>\r\n<!-- \/wp:columns -->","_et_gb_content_width":"","footnotes":""},"class_list":["post-4180","page","type-page","status-publish","hentry"],"aioseo_notices":[],"_links":{"self":[{"href":"https:\/\/aidia-pitch.de\/en\/wp-json\/wp\/v2\/pages\/4180","targetHints":{"allow":["GET"]}}],"collection":[{"href":"https:\/\/aidia-pitch.de\/en\/wp-json\/wp\/v2\/pages"}],"about":[{"href":"https:\/\/aidia-pitch.de\/en\/wp-json\/wp\/v2\/types\/page"}],"author":[{"embeddable":true,"href":"https:\/\/aidia-pitch.de\/en\/wp-json\/wp\/v2\/users\/1"}],"replies":[{"embeddable":true,"href":"https:\/\/aidia-pitch.de\/en\/wp-json\/wp\/v2\/comments?post=4180"}],"version-history":[{"count":20,"href":"https:\/\/aidia-pitch.de\/en\/wp-json\/wp\/v2\/pages\/4180\/revisions"}],"predecessor-version":[{"id":11316,"href":"https:\/\/aidia-pitch.de\/en\/wp-json\/wp\/v2\/pages\/4180\/revisions\/11316"}],"wp:attachment":[{"href":"https:\/\/aidia-pitch.de\/en\/wp-json\/wp\/v2\/media?parent=4180"}],"curies":[{"name":"wp","href":"https:\/\/api.w.org\/{rel}","templated":true}]}}