{"id":4589,"date":"2023-08-01T19:20:53","date_gmt":"2023-08-01T19:20:53","guid":{"rendered":"https:\/\/aidia-pitch.de\/?page_id=4589"},"modified":"2026-03-31T17:16:29","modified_gmt":"2026-03-31T15:16:29","slug":"pre-week","status":"publish","type":"page","link":"https:\/\/aidia-pitch.de\/en\/pre-week","title":{"rendered":"Pre-Week"},"content":{"rendered":"<p>[et_pb_section fb_built=&#8220;1&#8243; custom_padding_last_edited=&#8220;off|desktop&#8220; _builder_version=&#8220;4.27.6&#8243; _module_preset=&#8220;default&#8220; background_color=&#8220;#000000&#8243; background_image=&#8220;https:\/\/aidia-pitch.de\/wp-content\/uploads\/2026\/03\/aidia-pitch_preweek_header-banner_new.jpg&#8220; height=&#8220;70vh&#8220; height_tablet=&#8220;50vh&#8220; height_phone=&#8220;50vh&#8220; height_last_edited=&#8220;on|phone&#8220; custom_margin_last_edited=&#8220;off|desktop&#8220; custom_padding=&#8220;40px|5%|40px|5%|false|false&#8220; custom_padding_tablet=&#8220;0px|5%|40px|5%|false|false&#8220; custom_padding_phone=&#8220;0px|5%|40px|5%|false|false&#8220; hover_enabled=&#8220;0&#8243; da_disable_devices=&#8220;off|off|off&#8220; global_colors_info=&#8220;{}&#8220; title_text=&#8220;aidia-pitch_preweek_header-banner_new&#8220; use_background_color_gradient=&#8220;on&#8220; background_color_gradient_overlays_image=&#8220;on&#8220; background_color_gradient_stops=&#8220;rgba(255,255,255,0) 54%|#20123a 100%&#8220; sticky_enabled=&#8220;0&#8243; da_is_popup=&#8220;off&#8220; da_exit_intent=&#8220;off&#8220; da_has_close=&#8220;on&#8220; da_alt_close=&#8220;off&#8220; da_dark_close=&#8220;off&#8220; da_not_modal=&#8220;on&#8220; da_is_singular=&#8220;off&#8220; da_with_loader=&#8220;off&#8220; da_has_shadow=&#8220;on&#8220;][\/et_pb_section][et_pb_section fb_built=&#8220;1&#8243; _builder_version=&#8220;4.27.6&#8243; _module_preset=&#8220;default&#8220; background_color=&#8220;RGBA(255,255,255,0)&#8220; custom_padding=&#8220;80px|5%||5%|false|true&#8220; hover_enabled=&#8220;0&#8243; da_disable_devices=&#8220;off|off|off&#8220; global_colors_info=&#8220;{}&#8220; sticky_enabled=&#8220;0&#8243; da_is_popup=&#8220;off&#8220; da_exit_intent=&#8220;off&#8220; da_has_close=&#8220;on&#8220; da_alt_close=&#8220;off&#8220; da_dark_close=&#8220;off&#8220; da_not_modal=&#8220;on&#8220; da_is_singular=&#8220;off&#8220; da_with_loader=&#8220;off&#8220; da_has_shadow=&#8220;on&#8220;][et_pb_row column_structure=&#8220;2_3,1_3&#8243; _builder_version=&#8220;4.27.6&#8243; _module_preset=&#8220;default&#8220; width=&#8220;100%&#8220; hover_enabled=&#8220;0&#8243; global_colors_info=&#8220;{}&#8220; sticky_enabled=&#8220;0&#8243;][et_pb_column type=&#8220;2_3&#8243; _builder_version=&#8220;4.21.0&#8243; _module_preset=&#8220;default&#8220; global_colors_info=&#8220;{}&#8220;][et_pb_text _builder_version=&#8220;4.27.6&#8243; _module_preset=&#8220;default&#8220; header_font=&#8220;&#8211;et_global_body_font|&#8211;et_global_heading_font_weight|||||||&#8220; header_text_color=&#8220;#FFFFFF&#8220; header_2_text_color=&#8220;#FFFFFF&#8220; header_3_text_color=&#8220;#FFFFFF&#8220; header_4_font=&#8220;Roboto||||||||&#8220; header_4_text_color=&#8220;#FFFFFF&#8220; hover_enabled=&#8220;0&#8243; global_colors_info=&#8220;{}&#8220; header_font_size_last_edited=&#8220;on|phone&#8220; sticky_enabled=&#8220;0&#8243; header_font_size_tablet=&#8220;40px&#8220; header_font_size_phone=&#8220;34px&#8220;]<\/p>\n<h1>AiDiA Pre-Week<\/h1>\n<p>Die Spannung steigt, wenn das AiDiA Pitch-Event kurz bevor steht. Vorher m\u00f6chten wir dich mit einer Reihe spannender Pre-Events auf die #AiDiASeason einstimmen. 2024 fand die AiDiA Pre-Week mit Partnern wie LinkedIn, Jung von Matt und der Hamburger Allianz f\u00fcr Social Entrepreneurship statt. Inspirierende Diskussionsrunden, Weiterbildungs- und Networking-M\u00f6glichkeiten sowie einige Party-Optionen warten auch wieder w\u00e4hrend der n\u00e4chsten Pre-Week auf dich \u2013 sei dabei und erlebe eine unvergessliche Woche organisiert durch unsere wundervollen Partner. Stay tuned!<\/p>\n<p>[\/et_pb_text][\/et_pb_column][et_pb_column type=&#8220;1_3&#8243; _builder_version=&#8220;4.21.0&#8243; _module_preset=&#8220;default&#8220; global_colors_info=&#8220;{}&#8220;][\/et_pb_column][\/et_pb_row][\/et_pb_section][et_pb_section fb_built=&#8220;1&#8243; _builder_version=&#8220;4.22.0&#8243; _module_preset=&#8220;default&#8220; background_color=&#8220;RGBA(255,255,255,0)&#8220; custom_padding=&#8220;0px|5%||5%|false|true&#8220; da_disable_devices=&#8220;off|off|off&#8220; global_colors_info=&#8220;{}&#8220; da_is_popup=&#8220;off&#8220; da_exit_intent=&#8220;off&#8220; da_has_close=&#8220;on&#8220; da_alt_close=&#8220;off&#8220; da_dark_close=&#8220;off&#8220; da_not_modal=&#8220;on&#8220; da_is_singular=&#8220;off&#8220; da_with_loader=&#8220;off&#8220; da_has_shadow=&#8220;on&#8220;][et_pb_row _builder_version=&#8220;4.27.0&#8243; _module_preset=&#8220;default&#8220; width=&#8220;100%&#8220; global_colors_info=&#8220;{}&#8220;][et_pb_column type=&#8220;4_4&#8243; _builder_version=&#8220;4.21.0&#8243; _module_preset=&#8220;default&#8220; global_colors_info=&#8220;{}&#8220;][et_pb_text _builder_version=&#8220;4.27.6&#8243; _module_preset=&#8220;default&#8220; header_font=&#8220;||||||||&#8220; header_2_font=&#8220;&#8211;et_global_body_font||||||||&#8220; header_2_text_color=&#8220;#FFFFFF&#8220; hover_enabled=&#8220;0&#8243; sticky_enabled=&#8220;0&#8243;]<\/p>\n<h2>Vergangene Events<\/h2>\n<p>[\/et_pb_text][decm_event_display event_selection=&#8220;custom_event&#8220; included_tags=&#8220;77&#8243; use_current_loop=&#8220;on&#8220; show_postponed_canceled_event=&#8220;on&#8220; show_recurring_events=&#8220;off&#8220; show_past=&#8220;past_future_events&#8220; show_date=&#8220;off&#8220; show_name=&#8220;off&#8220; show_price=&#8220;off&#8220; show_category=&#8220;off&#8220; show_tag=&#8220;off&#8220; show_weburl=&#8220;off&#8220; callout_month_format=&#8220;M&#8220; show_icon_label=&#8220;icon&#8220; event_count=&#8220;12&#8243; layout=&#8220;cover&#8220; cover_columns=&#8220;4&#8243; open_toggle_background_color=&#8220;#000000&#8243; overlay_image_background_color=&#8220;rgba(0,0,0,0.25)&#8220; callout_background_color=&#8220;#EFEFEF&#8220; details_link_color=&#8220;#FFFFFF&#8220; details_icon_color=&#8220;#FFFFFF&#8220; event_inner_spacing=&#8220;0px|0px|0px|0px|true|true&#8220; view_more_text=&#8220;Weitere Details&#8220; details_margin_overlay=&#8220;||||false|false&#8220; details_padding_overlay=&#8220;20px|20px|20px|20px|false|false&#8220; callout_padding=&#8220;15px|20px|15px|20px|true|true&#8220; image_aspect_ratio=&#8220;1\/1&#8243; button_align=&#8220;on&#8220; module_class=&#8220;pa-upcoming-events&#8220; _builder_version=&#8220;4.27.0&#8243; _module_preset=&#8220;default&#8220; title_text_color=&#8220;#FFFFFF&#8220; title_font_size=&#8220;20px&#8220; title_line_height=&#8220;1.4em&#8220; duration_font_size=&#8220;18px&#8220; duration_labels_text_color=&#8220;#FFFFFF&#8220; excerpt_font=&#8220;||on||||||&#8220; excerpt_text_color=&#8220;#FFFFFF&#8220; excerpt_font_size=&#8220;18px&#8220; callout_date_font_size=&#8220;20px&#8220; callout_date_line_height=&#8220;1em&#8220; callout_month_font_size=&#8220;18px&#8220; callout_month_line_height=&#8220;1em&#8220; background_color=&#8220;RGBA(255,255,255,0)&#8220; custom_view_more=&#8220;on&#8220; view_more_text_size=&#8220;16px&#8220; view_more_text_color=&#8220;#000000&#8243; view_more_bg_color=&#8220;#FFFFFF&#8220; view_more_border_color=&#8220;RGBA(255,255,255,0)&#8220; view_more_border_radius=&#8220;8px&#8220; view_more_font=&#8220;|700|||||||&#8220; view_more_use_icon=&#8220;off&#8220; view_more_custom_margin=&#8220;0px|auto|auto|auto|false|false&#8220; module_alignment=&#8220;center&#8220; custom_margin=&#8220;0px||||false|false&#8220; custom_margin_tablet=&#8220;&#8220; custom_margin_phone=&#8220;&#8220; custom_margin_last_edited=&#8220;on|desktop&#8220; duration_font_size_tablet=&#8220;17px&#8220; duration_font_size_phone=&#8220;16px&#8220; duration_font_size_last_edited=&#8220;on|phone&#8220; excerpt_font_size_tablet=&#8220;17px&#8220; excerpt_font_size_phone=&#8220;16px&#8220; excerpt_font_size_last_edited=&#8220;on|phone&#8220; border_radii_thumbnail_border=&#8220;on|10px|10px|10px|10px&#8220; border_radii_event_border=&#8220;on|10px|10px|10px|10px&#8220; border_radii_callout_border=&#8220;on|10px|10px|10px|10px&#8220; box_shadow_style_event_box_shadow=&#8220;preset1&#8243; box_shadow_vertical_event_box_shadow=&#8220;0px&#8220; box_shadow_blur_event_box_shadow=&#8220;20px&#8220; box_shadow_color_event_box_shadow=&#8220;rgba(0,7,25,0.05)&#8220; locked=&#8220;off&#8220; global_colors_info=&#8220;%91%93&#8243;][\/decm_event_display][\/et_pb_column][\/et_pb_row][\/et_pb_section][et_pb_section fb_built=&#8220;1&#8243; disabled_on=&#8220;off|off|off&#8220; _builder_version=&#8220;4.27.0&#8243; _module_preset=&#8220;default&#8220; background_color=&#8220;RGBA(255,255,255,0)&#8220; custom_padding=&#8220;10px|5%||5%|false|true&#8220; da_disable_devices=&#8220;off|off|off&#8220; global_colors_info=&#8220;{}&#8220; da_is_popup=&#8220;off&#8220; da_exit_intent=&#8220;off&#8220; da_has_close=&#8220;on&#8220; da_alt_close=&#8220;off&#8220; da_dark_close=&#8220;off&#8220; da_not_modal=&#8220;on&#8220; da_is_singular=&#8220;off&#8220; da_with_loader=&#8220;off&#8220; da_has_shadow=&#8220;on&#8220;][et_pb_row _builder_version=&#8220;4.22.0&#8243; _module_preset=&#8220;default&#8220; width=&#8220;100%&#8220; custom_padding=&#8220;0px||||false|false&#8220; global_colors_info=&#8220;{}&#8220;][et_pb_column type=&#8220;4_4&#8243; _builder_version=&#8220;4.21.2&#8243; _module_preset=&#8220;default&#8220; global_colors_info=&#8220;{}&#8220;][ba_animated_text prefix=&#8220;AiDiA x&#8220; animated_text=&#8220;%91{%22value%22:%22Inspiration%22,%22checked%22:0,%22dragID%22:-1},{%22value%22:%22Learning%22,%22checked%22:0,%22dragID%22:0},{%22value%22:%22Networking%22,%22checked%22:0,%22dragID%22:1},{%22value%22:%22Culture%22,%22checked%22:0,%22dragID%22:2}%93&#8243; animation_speed=&#8220;125ms&#8220; back_speed=&#8220;75ms&#8220; text_alignment=&#8220;center&#8220; disabled_on=&#8220;on|off|off&#8220; _builder_version=&#8220;4.27.0&#8243; _module_preset=&#8220;default&#8220; animated_font_size=&#8220;50px&#8220; custom_margin=&#8220;0px||23px||false|false&#8220; global_colors_info=&#8220;{}&#8220;][\/ba_animated_text][\/et_pb_column][\/et_pb_row][\/et_pb_section]<\/p>\n","protected":false},"excerpt":{"rendered":"<p>AiDiA Pre-Week Die Spannung steigt, wenn das AiDiA Pitch-Event kurz bevor steht. Vorher m\u00f6chten wir dich mit einer Reihe spannender Pre-Events auf die #AiDiASeason einstimmen. 2024 fand die AiDiA Pre-Week [&hellip;]<\/p>\n","protected":false},"author":1,"featured_media":5243,"parent":0,"menu_order":0,"comment_status":"closed","ping_status":"closed","template":"","meta":{"_et_pb_use_builder":"on","_et_pb_old_content":"","_et_gb_content_width":"","footnotes":""},"class_list":["post-4589","page","type-page","status-publish","has-post-thumbnail","hentry"],"aioseo_notices":[],"_links":{"self":[{"href":"https:\/\/aidia-pitch.de\/en\/wp-json\/wp\/v2\/pages\/4589","targetHints":{"allow":["GET"]}}],"collection":[{"href":"https:\/\/aidia-pitch.de\/en\/wp-json\/wp\/v2\/pages"}],"about":[{"href":"https:\/\/aidia-pitch.de\/en\/wp-json\/wp\/v2\/types\/page"}],"author":[{"embeddable":true,"href":"https:\/\/aidia-pitch.de\/en\/wp-json\/wp\/v2\/users\/1"}],"replies":[{"embeddable":true,"href":"https:\/\/aidia-pitch.de\/en\/wp-json\/wp\/v2\/comments?post=4589"}],"version-history":[{"count":72,"href":"https:\/\/aidia-pitch.de\/en\/wp-json\/wp\/v2\/pages\/4589\/revisions"}],"predecessor-version":[{"id":11266,"href":"https:\/\/aidia-pitch.de\/en\/wp-json\/wp\/v2\/pages\/4589\/revisions\/11266"}],"wp:featuredmedia":[{"embeddable":true,"href":"https:\/\/aidia-pitch.de\/en\/wp-json\/wp\/v2\/media\/5243"}],"wp:attachment":[{"href":"https:\/\/aidia-pitch.de\/en\/wp-json\/wp\/v2\/media?parent=4589"}],"curies":[{"name":"wp","href":"https:\/\/api.w.org\/{rel}","templated":true}]}}