{"id":5068,"date":"2023-08-31T22:06:30","date_gmt":"2023-08-31T22:06:30","guid":{"rendered":"https:\/\/aidia-pitch.de\/?page_id=5068"},"modified":"2026-03-31T23:18:32","modified_gmt":"2026-03-31T21:18:32","slug":"support-aidias","status":"publish","type":"page","link":"https:\/\/aidia-pitch.de\/en\/support-aidias","title":{"rendered":"Support AiDiAs"},"content":{"rendered":"<p>[et_pb_section fb_built=&#8220;1&#8243; fullwidth=&#8220;on&#8220; _builder_version=&#8220;4.27.0&#8243; _module_preset=&#8220;default&#8220; da_disable_devices=&#8220;off|off|off&#8220; locked=&#8220;off&#8220; global_colors_info=&#8220;{}&#8220; da_is_popup=&#8220;off&#8220; da_exit_intent=&#8220;off&#8220; da_has_close=&#8220;on&#8220; da_alt_close=&#8220;off&#8220; da_dark_close=&#8220;off&#8220; da_not_modal=&#8220;on&#8220; da_is_singular=&#8220;off&#8220; da_with_loader=&#8220;off&#8220; da_has_shadow=&#8220;on&#8220;][et_pb_fullwidth_header background_overlay_color=&#8220;RGBA(255,255,255,0)&#8220; _builder_version=&#8220;4.27.6&#8243; _module_preset=&#8220;default&#8220; title_font=&#8220;&#8211;et_global_body_font|700|||||||&#8220; use_background_color_gradient=&#8220;on&#8220; background_color_gradient_stops=&#8220;rgba(255,255,255,0) 47%|#20123a 100%&#8220; background_color_gradient_overlays_image=&#8220;on&#8220; background_image=&#8220;https:\/\/aidia-pitch.de\/wp-content\/uploads\/2023\/09\/aidia-pitch_020923_263.jpg&#8220; min_height=&#8220;70vh&#8220; min_height_tablet=&#8220;60vh&#8220; min_height_phone=&#8220;50vh&#8220; min_height_last_edited=&#8220;on|phone&#8220; hover_enabled=&#8220;0&#8243; global_colors_info=&#8220;{}&#8220; title_text=&#8220;aidia-pitch_020923_263&#8243; sticky_enabled=&#8220;0&#8243;][\/et_pb_fullwidth_header][\/et_pb_section][et_pb_section fb_built=&#8220;1&#8243; _builder_version=&#8220;4.27.6&#8243; _module_preset=&#8220;default&#8220; background_color=&#8220;RGBA(255,255,255,0)&#8220; custom_padding=&#8220;80px|5%|0px|5%|false|true&#8220; hover_enabled=&#8220;0&#8243; da_disable_devices=&#8220;off|off|off&#8220; global_colors_info=&#8220;{}&#8220; background_enable_image=&#8220;off&#8220; sticky_enabled=&#8220;0&#8243; da_is_popup=&#8220;off&#8220; da_exit_intent=&#8220;off&#8220; da_has_close=&#8220;on&#8220; da_alt_close=&#8220;off&#8220; da_dark_close=&#8220;off&#8220; da_not_modal=&#8220;on&#8220; da_is_singular=&#8220;off&#8220; da_with_loader=&#8220;off&#8220; da_has_shadow=&#8220;on&#8220;][et_pb_row column_structure=&#8220;2_3,1_3&#8243; _builder_version=&#8220;4.22.1&#8243; _module_preset=&#8220;default&#8220; width=&#8220;100%&#8220; global_colors_info=&#8220;{}&#8220;][et_pb_column type=&#8220;2_3&#8243; _builder_version=&#8220;4.21.0&#8243; _module_preset=&#8220;default&#8220; global_colors_info=&#8220;{}&#8220;][et_pb_text _builder_version=&#8220;4.27.6&#8243; _module_preset=&#8220;default&#8220; header_text_color=&#8220;#FFFFFF&#8220; header_line_height=&#8220;1.2em&#8220; custom_margin=&#8220;||10px|||&#8220; hover_enabled=&#8220;0&#8243; global_colors_info=&#8220;{}&#8220; header_font=&#8220;&#8211;et_global_body_font||||||||&#8220; header_font_size_last_edited=&#8220;on|phone&#8220; sticky_enabled=&#8220;0&#8243; header_font_size_tablet=&#8220;40px&#8220; header_font_size_phone=&#8220;34px&#8220;]<\/p>\n<h1>Support AiDiAs<\/h1>\n<p>Gemeinsam sind wir die Ver\u00e4nderung \u2013 Deine Unterst\u00fctzung z\u00e4hlt!<\/p>\n<p>Dein Beitrag ist von unsch\u00e4tzbarem Wert. Mit deiner Spende tr\u00e4gst du aktiv dazu bei, Schwarze Unternehmen sichtbarer zu machen und die Wirtschaft inklusiver zu gestalten. Jeder gespendete Betrag flie\u00dft direkt in die Entwicklung von Programmen und Veranstaltungen, die das Wachstum und den Einfluss Schwarzer Unternehmer:innen f\u00f6rdern. Gemeinsam k\u00f6nnen wir Barrieren \u00fcberwinden und Chancen schaffen.<\/p>\n<p>[\/et_pb_text][et_pb_button button_url=&#8220;https:\/\/www.paypal.com\/donate\/?hosted_button_id=W9T3GHJ8RSMH2&#8243; url_new_window=&#8220;on&#8220; button_text=&#8220;Jetzt spenden&#8220; disabled_on=&#8220;off|off|off&#8220; _builder_version=&#8220;4.27.6&#8243; _module_preset=&#8220;default&#8220; custom_button=&#8220;on&#8220; button_bg_use_color_gradient=&#8220;on&#8220; button_bg_color_gradient_direction=&#8220;135deg&#8220; button_bg_color_gradient_stops=&#8220;#f49f0d 0%|#e64448 99%&#8220; button_icon=&#8220;&#xf1ed;||fa||400&#8243; button_icon_placement=&#8220;left&#8220; button_on_hover=&#8220;off&#8220; hover_enabled=&#8220;0&#8243; box_shadow_style=&#8220;preset1&#8243; global_colors_info=&#8220;{}&#8220; box_shadow_color__hover_enabled=&#8220;on|hover&#8220; box_shadow_color__hover=&#8220;#F49F0D&#8220; button_bg_color__hover_enabled=&#8220;off|desktop&#8220; button_bg_color_gradient_stops__hover=&#8220;#8e0099 0%|#e50003 100%&#8220; button_bg_use_color_gradient__hover=&#8220;on&#8220; button_letter_spacing__hover_enabled=&#8220;off|desktop&#8220; button_letter_spacing__hover=&#8220;0px&#8220; custom_padding=&#8220;10px|25px|10px|43px|true|false&#8220; sticky_enabled=&#8220;0&#8243;][\/et_pb_button][et_pb_code disabled_on=&#8220;on|on|on&#8220; _builder_version=&#8220;4.27.0&#8243; _module_preset=&#8220;default&#8220; disabled=&#8220;on&#8220; global_colors_info=&#8220;{}&#8220;]<\/p>\n<form action=\"<!-- [et_pb_line_break_holder] -->https:\/\/www.paypal.com\/donate&#8220;<!-- [et_pb_line_break_holder] -->method=&#8220;post&#8220; target=&#8220;_top&#8220;><!-- [et_pb_line_break_holder] --><input type=\"hidden\" name=\"hosted_button_id\" value=\"CAWTYV7YMA8Q2\" \/><!-- [et_pb_line_break_holder] --><input type=\"image\" src=\"<!-- [et_pb_line_break_holder] -->https:\/\/www.paypalobjects.com\/de_DE\/DE\/i\/btn\/btn_donate_LG.gif&#8220;<!-- [et_pb_line_break_holder] -->border=&#8220;0&#8243; name=&#8220;submit&#8220; title=&#8220;PayPal &#8211; The safer, easier way to pay online!&#8220; alt=&#8220;Spenden mit dem PayPal-Button&#8220; \/><!-- [et_pb_line_break_holder] --><img decoding=\"async\" alt=\"\" border=\"0\" src=\"<!-- [et_pb_line_break_holder] -->https:\/\/www.paypal.com\/de_DE\/i\/scr\/pixel.gif&#8220;<!-- [et_pb_line_break_holder] -->width=&#8220;1&#8243; height=&#8220;1&#8243; \/><!-- [et_pb_line_break_holder] --><\/form>\n<p>[\/et_pb_code][et_pb_text _builder_version=&#8220;4.22.1&#8243; _module_preset=&#8220;default&#8220; global_colors_info=&#8220;{}&#8220;]<\/p>\n<p>Hilf uns, die Arbeit von AiDiA weiter voranzutreiben.<\/p>\n<p>Vielen Dank f\u00fcr dein Engagement. Deine Solidarit\u00e4t bringt uns n\u00e4her zu einer Zukunft, in der Schwarze Unternehmer:innen ihr volles Potenzial entfalten k\u00f6nnen.<\/p>\n<p>Das Team von AiDiA<\/p>\n<p>[\/et_pb_text][\/et_pb_column][et_pb_column type=&#8220;1_3&#8243; _builder_version=&#8220;4.21.0&#8243; _module_preset=&#8220;default&#8220; global_colors_info=&#8220;{}&#8220;][\/et_pb_column][\/et_pb_row][\/et_pb_section][et_pb_section fb_built=&#8220;1&#8243; _builder_version=&#8220;4.22.1&#8243; _module_preset=&#8220;default&#8220; background_color=&#8220;RGBA(255,255,255,0)&#8220; custom_padding=&#8220;|5%||5%|false|true&#8220; da_disable_devices=&#8220;off|off|off&#8220; global_colors_info=&#8220;{}&#8220; da_is_popup=&#8220;off&#8220; da_exit_intent=&#8220;off&#8220; da_has_close=&#8220;on&#8220; da_alt_close=&#8220;off&#8220; da_dark_close=&#8220;off&#8220; da_not_modal=&#8220;on&#8220; da_is_singular=&#8220;off&#8220; da_with_loader=&#8220;off&#8220; da_has_shadow=&#8220;on&#8220;][et_pb_row _builder_version=&#8220;4.22.1&#8243; _module_preset=&#8220;default&#8220; width=&#8220;100%&#8220; global_colors_info=&#8220;{}&#8220;][et_pb_column type=&#8220;4_4&#8243; _builder_version=&#8220;4.22.1&#8243; _module_preset=&#8220;default&#8220; global_colors_info=&#8220;{}&#8220;][et_pb_text _builder_version=&#8220;4.22.1&#8243; _module_preset=&#8220;default&#8220; global_colors_info=&#8220;{}&#8220;]<\/p>\n<div id=\"donationform-default\"><script src=\"https:\/\/www.helpmundo.de\/helptools\/donations\/17258\/0\/init.js?type=dom&#038;newLocal=de\" type=\"text\/javascript\"><\/script><\/div>\n<p>[\/et_pb_text][\/et_pb_column][\/et_pb_row][\/et_pb_section][et_pb_section fb_built=&#8220;1&#8243; _builder_version=&#8220;4.22.1&#8243; _module_preset=&#8220;default&#8220; background_color=&#8220;RGBA(255,255,255,0)&#8220; custom_padding=&#8220;0px|5%|40px|5%|false|true&#8220; da_disable_devices=&#8220;off|off|off&#8220; global_colors_info=&#8220;{}&#8220; da_is_popup=&#8220;off&#8220; da_exit_intent=&#8220;off&#8220; da_has_close=&#8220;on&#8220; da_alt_close=&#8220;off&#8220; da_dark_close=&#8220;off&#8220; da_not_modal=&#8220;on&#8220; da_is_singular=&#8220;off&#8220; da_with_loader=&#8220;off&#8220; da_has_shadow=&#8220;on&#8220;][et_pb_row column_structure=&#8220;2_3,1_3&#8243; _builder_version=&#8220;4.22.1&#8243; _module_preset=&#8220;default&#8220; width=&#8220;100%&#8220; global_colors_info=&#8220;{}&#8220;][et_pb_column type=&#8220;2_3&#8243; _builder_version=&#8220;4.22.1&#8243; _module_preset=&#8220;default&#8220; global_colors_info=&#8220;{}&#8220;][et_pb_text _builder_version=&#8220;4.27.6&#8243; _module_preset=&#8220;default&#8220; header_3_text_color=&#8220;#FFFFFF&#8220; background_color=&#8220;RGBA(255,255,255,0)&#8220; hover_enabled=&#8220;0&#8243; global_colors_info=&#8220;{}&#8220; sticky_enabled=&#8220;0&#8243;]<\/p>\n<p><strong>Du m\u00f6chtest AiDiA mit einer Direktspende unterst\u00fctzen? Dann kannst du dies auch mit einer \u00dcberweisung auf unser Spendenkonto tun:<\/strong><\/p>\n<p>Unsere Bankverbindung:<\/p>\n<p>Empf\u00e4nger: Business Empowerment Hub gUG (haftungsbeschr\u00e4nkt)<br \/>Bank: Olinda Zweigniederlassung Deutschland<br \/>IBAN: DE34100101235931327414<br \/>BIC: QNTODEB2XXX<\/p>\n<p>[\/et_pb_text][\/et_pb_column][et_pb_column type=&#8220;1_3&#8243; _builder_version=&#8220;4.22.1&#8243; _module_preset=&#8220;default&#8220; global_colors_info=&#8220;{}&#8220;][\/et_pb_column][\/et_pb_row][\/et_pb_section]<\/p>\n","protected":false},"excerpt":{"rendered":"<p>Support AiDiAs Gemeinsam sind wir die Ver\u00e4nderung \u2013 Deine Unterst\u00fctzung z\u00e4hlt! Dein Beitrag ist von unsch\u00e4tzbarem Wert. Mit deiner Spende tr\u00e4gst du aktiv dazu bei, Schwarze Unternehmen sichtbarer zu machen [&hellip;]<\/p>\n","protected":false},"author":1,"featured_media":5243,"parent":0,"menu_order":0,"comment_status":"closed","ping_status":"closed","template":"","meta":{"_et_pb_use_builder":"on","_et_pb_old_content":"","_et_gb_content_width":"","footnotes":""},"class_list":["post-5068","page","type-page","status-publish","has-post-thumbnail","hentry"],"aioseo_notices":[],"_links":{"self":[{"href":"https:\/\/aidia-pitch.de\/en\/wp-json\/wp\/v2\/pages\/5068","targetHints":{"allow":["GET"]}}],"collection":[{"href":"https:\/\/aidia-pitch.de\/en\/wp-json\/wp\/v2\/pages"}],"about":[{"href":"https:\/\/aidia-pitch.de\/en\/wp-json\/wp\/v2\/types\/page"}],"author":[{"embeddable":true,"href":"https:\/\/aidia-pitch.de\/en\/wp-json\/wp\/v2\/users\/1"}],"replies":[{"embeddable":true,"href":"https:\/\/aidia-pitch.de\/en\/wp-json\/wp\/v2\/comments?post=5068"}],"version-history":[{"count":28,"href":"https:\/\/aidia-pitch.de\/en\/wp-json\/wp\/v2\/pages\/5068\/revisions"}],"predecessor-version":[{"id":11304,"href":"https:\/\/aidia-pitch.de\/en\/wp-json\/wp\/v2\/pages\/5068\/revisions\/11304"}],"wp:featuredmedia":[{"embeddable":true,"href":"https:\/\/aidia-pitch.de\/en\/wp-json\/wp\/v2\/media\/5243"}],"wp:attachment":[{"href":"https:\/\/aidia-pitch.de\/en\/wp-json\/wp\/v2\/media?parent=5068"}],"curies":[{"name":"wp","href":"https:\/\/api.w.org\/{rel}","templated":true}]}}