{"id":5185,"date":"2023-09-01T19:13:14","date_gmt":"2023-09-01T17:13:14","guid":{"rendered":"https:\/\/aidia-pitch.de\/?page_id=5185"},"modified":"2026-03-31T23:10:52","modified_gmt":"2026-03-31T21:10:52","slug":"jobs","status":"publish","type":"page","link":"https:\/\/aidia-pitch.de\/en\/jobs","title":{"rendered":"Jobs"},"content":{"rendered":"<p>[et_pb_section fb_built=&#8220;1&#8243; fullwidth=&#8220;on&#8220; _builder_version=&#8220;4.27.0&#8243; _module_preset=&#8220;default&#8220; da_disable_devices=&#8220;off|off|off&#8220; locked=&#8220;off&#8220; global_colors_info=&#8220;{}&#8220; da_is_popup=&#8220;off&#8220; da_exit_intent=&#8220;off&#8220; da_has_close=&#8220;on&#8220; da_alt_close=&#8220;off&#8220; da_dark_close=&#8220;off&#8220; da_not_modal=&#8220;on&#8220; da_is_singular=&#8220;off&#8220; da_with_loader=&#8220;off&#8220; da_has_shadow=&#8220;on&#8220;][et_pb_fullwidth_header background_overlay_color=&#8220;RGBA(255,255,255,0)&#8220; _builder_version=&#8220;4.27.0&#8243; _module_preset=&#8220;default&#8220; title_font=&#8220;&#8211;et_global_body_font|700|||||||&#8220; use_background_color_gradient=&#8220;on&#8220; background_color_gradient_stops=&#8220;rgba(255,255,255,0) 47%|#20123a 100%&#8220; background_color_gradient_overlays_image=&#8220;on&#8220; background_image=&#8220;https:\/\/aidia-pitch.de\/wp-content\/uploads\/2024\/09\/aidia-pitch_ueber-uns_new-header.jpg&#8220; min_height=&#8220;70vh&#8220; min_height_tablet=&#8220;60vh&#8220; min_height_phone=&#8220;50vh&#8220; min_height_last_edited=&#8220;on|phone&#8220; global_colors_info=&#8220;{}&#8220;][\/et_pb_fullwidth_header][\/et_pb_section][et_pb_section fb_built=&#8220;1&#8243; _builder_version=&#8220;4.27.6&#8243; _module_preset=&#8220;default&#8220; background_color=&#8220;RGBA(255,255,255,0)&#8220; custom_padding=&#8220;80px|5%||5%|false|true&#8220; hover_enabled=&#8220;0&#8243; da_disable_devices=&#8220;off|off|off&#8220; global_colors_info=&#8220;{}&#8220; sticky_enabled=&#8220;0&#8243; da_is_popup=&#8220;off&#8220; da_exit_intent=&#8220;off&#8220; da_has_close=&#8220;on&#8220; da_alt_close=&#8220;off&#8220; da_dark_close=&#8220;off&#8220; da_not_modal=&#8220;on&#8220; da_is_singular=&#8220;off&#8220; da_with_loader=&#8220;off&#8220; da_has_shadow=&#8220;on&#8220;][et_pb_row column_structure=&#8220;3_5,2_5&#8243; _builder_version=&#8220;4.27.4&#8243; _module_preset=&#8220;default&#8220; width=&#8220;100%&#8220; global_colors_info=&#8220;{}&#8220;][et_pb_column type=&#8220;3_5&#8243; _builder_version=&#8220;4.22.1&#8243; _module_preset=&#8220;default&#8220; global_colors_info=&#8220;{}&#8220;][et_pb_text _builder_version=&#8220;4.27.4&#8243; _module_preset=&#8220;default&#8220; header_font=&#8220;&#8211;et_global_body_font||||||||&#8220; header_text_color=&#8220;#FFFFFF&#8220; header_line_height=&#8220;1.2em&#8220; header_font_size_tablet=&#8220;40px&#8220; header_font_size_phone=&#8220;34px&#8220; header_font_size_last_edited=&#8220;on|phone&#8220; global_colors_info=&#8220;{}&#8220;]<\/p>\n<h1>Jobs bei AiDiA \u2013 Join our Team<\/h1>\n<p>Du m\u00f6chtest Teil des AiDiA Teams werden und hast Lust deine F\u00e4higkeiten und Kenntnisse bei uns einsetzen? Dann schau dir die aufgef\u00fchrten Jobausschreibungen an. Nutze f\u00fcr deine Bewerbung gerne die nachfolgenden Kontaktformulare oder richte deine Bewerbung mit Anschreiben und Lebenslauf an bewerbung(at)aidia-pitch.de.<\/p>\n<p>[\/et_pb_text][\/et_pb_column][et_pb_column type=&#8220;2_5&#8243; _builder_version=&#8220;4.22.1&#8243; _module_preset=&#8220;default&#8220; global_colors_info=&#8220;{}&#8220;][et_pb_image src=&#8220;https:\/\/aidia-pitch.de\/wp-content\/uploads\/2025\/04\/aidia-pitch_jobs_join-our-team.jpg&#8220; title_text=&#8220;aidia-pitch_jobs_join-our-team&#8220; _builder_version=&#8220;4.27.6&#8243; _module_preset=&#8220;default&#8220; hover_enabled=&#8220;0&#8243; border_radii=&#8220;on|20px|20px|20px|20px&#8220; global_colors_info=&#8220;{}&#8220; sticky_enabled=&#8220;0&#8243;][\/et_pb_image][\/et_pb_column][\/et_pb_row][et_pb_row column_structure=&#8220;1_2,1_2&#8243; _builder_version=&#8220;4.27.6&#8243; _module_preset=&#8220;default&#8220; width=&#8220;100%&#8220; hover_enabled=&#8220;0&#8243; border_color_all=&#8220;#FFFFFF&#8220; global_colors_info=&#8220;{}&#8220; sticky_enabled=&#8220;0&#8243;][et_pb_column type=&#8220;1_2&#8243; _builder_version=&#8220;4.27.6&#8243; _module_preset=&#8220;default&#8220; background_enable_color=&#8220;off&#8220; use_background_color_gradient=&#8220;on&#8220; background_color_gradient_direction=&#8220;135deg&#8220; background_color_gradient_stops=&#8220;rgba(147,84,152,0.2) 0%|rgba(230,68,72,0.2) 99%&#8220; custom_padding=&#8220;15px|15px|15px|15px|true|true&#8220; hover_enabled=&#8220;0&#8243; border_radii=&#8220;on|20px|20px|20px|20px&#8220; border_width_all=&#8220;1px&#8220; border_color_all=&#8220;#FFFFFF&#8220; global_colors_info=&#8220;{}&#8220; sticky_enabled=&#8220;0&#8243;][et_pb_text _builder_version=&#8220;4.27.4&#8243; _module_preset=&#8220;default&#8220; header_font=&#8220;||||||||&#8220; header_2_font=&#8220;&#8211;et_global_body_font||||||||&#8220; header_2_text_color=&#8220;#FFFFFF&#8220; header_3_font=&#8220;&#8211;et_global_body_font||||||||&#8220; header_3_text_color=&#8220;#FFFFFF&#8220; header_3_font_size=&#8220;26px&#8220; custom_margin=&#8220;||10px||false|false&#8220; hover_enabled=&#8220;0&#8243; global_colors_info=&#8220;{}&#8220; sticky_enabled=&#8220;0&#8243;]<\/p>\n<h3>Initiativbewerbung<\/h3>\n<p>[\/et_pb_text][et_pb_text _builder_version=&#8220;4.27.4&#8243; _module_preset=&#8220;default&#8220; header_font=&#8220;&#8211;et_global_body_font||||||||&#8220; header_text_color=&#8220;#FFFFFF&#8220; header_line_height=&#8220;1.2em&#8220; header_font_size_tablet=&#8220;40px&#8220; header_font_size_phone=&#8220;34px&#8220; header_font_size_last_edited=&#8220;on|phone&#8220; global_colors_info=&#8220;{}&#8220;]<\/p>\n<p>Ist aktuell keine Stelle ausgeschrieben, die zu dir passt? Du hast aber gro\u00dfe Lust, ehrenamtlich bei AiDiA mitzuwirken? Dann nutze gerne das nachstehende Formular und schreib uns mit welchen Ideen du dich bei uns einbringen m\u00f6chtest. Wir werden uns so schnell wie m\u00f6glich bei dir melden. Vielen Dank f\u00fcr dein Interesse. Wir freuen uns mehr \u00fcber dich zu erfahren.<\/p>\n<p>[\/et_pb_text][dsm_contact_form_7 cf7_library=&#8220;5184&#8243; show_validation=&#8220;on&#8220; input_background_color=&#8220;RGBA(255,255,255,0)&#8220; _builder_version=&#8220;4.27.6&#8243; _module_preset=&#8220;default&#8220; labels_text_color=&#8220;#FFFFFF&#8220; labels_font_size=&#8220;16px&#8220; input_textarea_select_text_color=&#8220;#FFFFFF&#8220; input_textarea_select_font_size=&#8220;16px&#8220; custom_button_one=&#8220;on&#8220; button_one_text_color=&#8220;#FFFFFF&#8220; button_one_bg_color=&#8220;#E64448&#8243; button_one_font=&#8220;|700|||||||&#8220; button_one_use_icon=&#8220;off&#8220; hover_enabled=&#8220;0&#8243; border_radii_image=&#8220;on|10px|10px|10px|10px&#8220; border_width_all_image=&#8220;1px&#8220; border_color_all_image=&#8220;#FFFFFF&#8220; border_radii_error_validation=&#8220;on|5px|5px|5px|5px&#8220; border_radii_validation_success=&#8220;on|5px|5px|5px|5px&#8220; global_colors_info=&#8220;{}&#8220; button_one_letter_spacing__hover_enabled=&#8220;off|desktop&#8220; button_one_letter_spacing__hover=&#8220;0px&#8220; button_one_bg_color__hover_enabled=&#8220;off|desktop&#8220; button_one_bg_use_color_gradient__hover=&#8220;off&#8220; box_shadow_color_button_one__hover_enabled=&#8220;on|hover&#8220; box_shadow_color_button_one__hover=&#8220;#F49F0D&#8220; button_one_bg_color__hover=&#8220;#ba353c&#8220; button_one_bg_enable_color__hover=&#8220;on&#8220; button_one_bg_use_color_gradient=&#8220;on&#8220; button_one_bg_color_gradient_stops=&#8220;#f49f0d 0%|#e64448 100%&#8220; button_one_bg_color_gradient_direction=&#8220;135deg&#8220; button_one_custom_padding=&#8220;10px|20px|10px|20px|true|true&#8220; box_shadow_style_button_one=&#8220;preset1&#8243; sticky_enabled=&#8220;0&#8243;][\/dsm_contact_form_7][\/et_pb_column][et_pb_column type=&#8220;1_2&#8243; _builder_version=&#8220;4.27.4&#8243; _module_preset=&#8220;default&#8220; global_colors_info=&#8220;{}&#8220;][\/et_pb_column][\/et_pb_row][et_pb_row column_structure=&#8220;1_2,1_2&#8243; disabled_on=&#8220;on|on|on&#8220; _builder_version=&#8220;4.27.4&#8243; _module_preset=&#8220;default&#8220; width=&#8220;100%&#8220; border_color_all=&#8220;#FFFFFF&#8220; disabled=&#8220;on&#8220; global_colors_info=&#8220;{}&#8220;][et_pb_column type=&#8220;1_2&#8243; _builder_version=&#8220;4.27.4&#8243; _module_preset=&#8220;default&#8220; background_enable_color=&#8220;off&#8220; use_background_color_gradient=&#8220;on&#8220; background_color_gradient_direction=&#8220;135deg&#8220; background_color_gradient_stops=&#8220;rgba(147,84,152,0.2) 0%|rgba(230,68,72,0.2) 99%&#8220; custom_padding=&#8220;15px|15px|15px|15px|true|true&#8220; border_radii=&#8220;on|10px|10px|10px|10px&#8220; border_width_all=&#8220;1px&#8220; border_color_all=&#8220;#FFFFFF&#8220; global_colors_info=&#8220;{}&#8220;][ba_info_box main_figure=&#8220;icon&#8220; icon=&#8220;&#xf005;||fa||900&#8243; title=&#8220;Neu&#8220; content_padding=&#8220;2px|5px|0px|5px|false|true&#8220; figure_placement=&#8220;left&#8220; icon_color=&#8220;#FFFFFF&#8220; icon_size=&#8220;12px&#8220; use_icon_box=&#8220;on&#8220; icon_bg=&#8220;#E64448&#8243; icon_height=&#8220;24px&#8220; icon_width=&#8220;24px&#8220; btn_spacing_top=&#8220;40px&#8220; _builder_version=&#8220;4.27.4&#8243; _module_preset=&#8220;default&#8220; title_font_size=&#8220;18px&#8220; background_color=&#8220;RGBA(255,255,255,0)&#8220; custom_button=&#8220;on&#8220; button_text_size=&#8220;1rem&#8220; button_text_color=&#8220;#3979ff&#8220; button_bg_color=&#8220;#ffffff&#8220; button_border_color=&#8220;#3979ff&#8220; button_border_radius=&#8220;50px&#8220; button_use_icon=&#8220;off&#8220; button_custom_padding=&#8220;0.7rem|2rem|0.7rem|2rem|true|true&#8220; custom_margin=&#8220;||0px||false|false&#8220; border_radii_box=&#8220;on||||&#8220; border_color_all_box=&#8220;#F49F0D&#8220; border_radii_photo=&#8220;on|100px|100px|100px|100px&#8220; global_colors_info=&#8220;{}&#8220;][\/ba_info_box][et_pb_text _builder_version=&#8220;4.27.4&#8243; _module_preset=&#8220;default&#8220; header_font=&#8220;||||||||&#8220; header_3_font=&#8220;&#8211;et_global_body_font||||||||&#8220; header_3_text_color=&#8220;#FFFFFF&#8220; header_3_font_size=&#8220;24px&#8220; custom_margin=&#8220;||3px|||&#8220; global_colors_info=&#8220;{}&#8220;]<\/p>\n<h3>Eventmanager:in (m\/w\/d) f\u00fcr das gr\u00f6\u00dfte Business &amp; Culture Event Deutschlands<\/h3>\n<p>[\/et_pb_text][dsm_icon_list list_layout=&#8220;horizontal&#8220; list_space_between=&#8220;8px&#8220; list_background=&#8220;#935498&#8243; list_padding=&#8220;2px|8px|2px|8px|true|true&#8220; _builder_version=&#8220;4.27.4&#8243; _module_preset=&#8220;default&#8220; text_font_size=&#8220;16px&#8220; custom_margin=&#8220;||6px|||&#8220; border_radii_list_item=&#8220;on|10px|10px|10px|10px&#8220; global_colors_info=&#8220;{}&#8220;][dsm_icon_list_child text=&#8220;Hamburg (idealerweise)&#8220; font_icon=&#8220;&#xf041;||fa||900&#8243; _builder_version=&#8220;4.27.4&#8243; _module_preset=&#8220;default&#8220; global_colors_info=&#8220;{}&#8220;][\/dsm_icon_list_child][dsm_icon_list_child text=&#8220;Remote (m\u00f6glich)&#8220; font_icon=&#8220;&#xe066;||fa||900&#8243; _builder_version=&#8220;4.27.4&#8243; _module_preset=&#8220;default&#8220; global_colors_info=&#8220;{}&#8220;][\/dsm_icon_list_child][dsm_icon_list_child text=&#8220;Vollzeit&#8220; font_icon=&#8220;&#xf017;||fa||400&#8243; _builder_version=&#8220;4.27.4&#8243; _module_preset=&#8220;default&#8220; global_colors_info=&#8220;{}&#8220;][\/dsm_icon_list_child][dsm_icon_list_child text=&#8220;Befristet&#8220; font_icon=&#8220;&#xf133;||fa||400&#8243; _builder_version=&#8220;4.27.4&#8243; _module_preset=&#8220;default&#8220; global_colors_info=&#8220;{}&#8220;][\/dsm_icon_list_child][\/dsm_icon_list][et_pb_text _builder_version=&#8220;4.27.4&#8243; _module_preset=&#8220;default&#8220; custom_margin=&#8220;||10px||false|false&#8220; global_colors_info=&#8220;{}&#8220;]<\/p>\n<p>Gestalte mit uns ein Event, das Innovationen aus der Schwarzen Community ins Zentrum der deutschen Startup-Welt r\u00fcckt.<\/p>\n<p>[\/et_pb_text][et_pb_toggle title=&#8220;Stellenbeschreibung&#8220; open_toggle_text_color=&#8220;#FFFFFF&#8220; open_toggle_background_color=&#8220;RGBA(255,255,255,0)&#8220; closed_toggle_background_color=&#8220;RGBA(255,255,255,0)&#8220; icon_color=&#8220;#FFFFFF&#8220; toggle_icon=&#8220;&#xf13a;||fa||900&#8243; use_icon_font_size=&#8220;on&#8220; icon_font_size=&#8220;20px&#8220; open_icon_color=&#8220;#FFFFFF&#8220; open_toggle_icon=&#8220;&#xf139;||fa||900&#8243; open_use_icon_font_size=&#8220;on&#8220; open_icon_font_size=&#8220;20px&#8220; _builder_version=&#8220;4.27.4&#8243; _module_preset=&#8220;default&#8220; title_text_color=&#8220;#FFFFFF&#8220; title_font=&#8220;&#8211;et_global_body_font||||||||&#8220; border_radii=&#8220;on|10px|10px|10px|10px&#8220; border_width_all=&#8220;0px&#8220; global_colors_info=&#8220;{}&#8220;]<\/p>\n<p><strong>Du willst Events schaffen, die nicht nur begeistern, sondern ver\u00e4ndern?<\/strong><\/p>\n<p>Dann bist du bei <strong>AiDiA \u2013 Afrodeutscher Startup Pitch<\/strong> genau richtig.<\/p>\n<p>Wir veranstalten ein einzigartiges Startup Pitch Event gepaart mit den besten Vibes aus Entertainment, Kunst und Kultur \u2013 ein Raum f\u00fcr Vision\u00e4r:innen, Gr\u00fcnder:innen und Community. Die <em>taz<\/em> nennt AiDiA <em>\u201eeinen Ort des Austauschs, des Netzwerks und der Repr\u00e4sentation\u201c<\/em>. <em>Business Punk<\/em> beschreibt uns als <em>\u201eZukunft Schwarzen Unternehmergeistes\u201c<\/em> und das <em>Hamburger Abendblatt<\/em> sagt: <strong><em>\u201eAiDiA ist ein Statement.\u201c<\/em><\/strong><\/p>\n<p>Jetzt suchen wir dich als <strong>Eventmanager:in (m\/w\/d)<\/strong> in Vollzeit f\u00fcr die Planung und Umsetzung des n\u00e4chsten AiDiA Pitch Events in Hamburg.<\/p>\n<p><strong>Standort:<\/strong> Hamburg (idealerweise) \/ Remote Arbeit m\u00f6glich<br \/><strong>Befristet:<\/strong> Ab 1. Juni 2025 bis 31. Oktober 2026 mit Option auf Verl\u00e4ngerung<\/p>\n<hr \/>\n<p><strong>Deine Mission:<\/strong> Du \u00fcbernimmst die Planung, Steuerung und Umsetzung des n\u00e4chsten AiDiA Pitch Events mit Leidenschaft, Struktur und einem Gesp\u00fcr f\u00fcr Wirkung.<\/p>\n<p><strong>Eventplanung &amp; Umsetzung<\/strong><\/p>\n<ul>\n<li>Konzeption, Zeitplanung und operative Umsetzung<\/li>\n<li>Koordination von Location, Catering, Technik, Entertainment und Aussteller:innen<\/li>\n<\/ul>\n<p><strong>Partnerschaften &amp; Kommunikation<\/strong><\/p>\n<ul>\n<li>Aufbau und Pflege von Unternehmensst\u00e4nden, Sponsor:innen und Kooperationspartner:innen<\/li>\n<li>Abstimmung mit internen Teams (Stakeholder Management, Programmplanung und Marketing)<\/li>\n<\/ul>\n<p><strong>Steuerung &amp; Teamf\u00fchrung<\/strong><\/p>\n<ul>\n<li>Leitung des Eventteams inkl. Volunteers<\/li>\n<li>Budgetverantwortung, Zeitmanagement, Erfolgsmessung (inkl. Reporting)<\/li>\n<\/ul>\n<hr \/>\n<p><strong>Das bringst du mit<\/strong><\/p>\n<ul>\n<li><strong>Mindestens 3 Jahre Erfahrung im Eventmanagement<\/strong>, Festivalbereich, Gastronomie oder Entertainment<\/li>\n<li><strong>Organisationstalent &amp; Kreativit\u00e4t<\/strong> \u2013 du gestaltest gerne mit Charakter und Klarheit<\/li>\n<li><strong>Kommunikationsst\u00e4rke &amp; Verhandlungsgeschick<\/strong> im Umgang mit Sponsor:innen und Dienstleister:innen<\/li>\n<li><strong>Teamgeist, Eigeninitiative &amp; Flexibilit\u00e4t<\/strong> (auch bei Wochenend-Terminen)<\/li>\n<li><strong>Flexibilit\u00e4t<\/strong>, insbesondere bei Abendveranstaltungen oder an Wochenenden<\/li>\n<li>Sehr gute <strong>MS Office-Skills<\/strong>; gerne auch <strong>Trello<\/strong>, <strong>Miro<\/strong> oder <strong>Hubspot<\/strong><\/li>\n<li><strong>Nice-to-have:<\/strong> Du lebst in oder nahe <strong>Hamburg<\/strong><\/li>\n<\/ul>\n<hr \/>\n<p><strong>Was dich erwartet<\/strong><\/p>\n<ul>\n<li><strong>Verantwortung &amp; Sichtbarkeit<\/strong> bei einem Event mit nationaler Strahlkraft (u.\u202fa. Tagesschau, taz, Business Punk)<\/li>\n<li><strong>Gestaltungsspielraum &amp; kreative Freiheit<\/strong> in einem sinnstiftenden Umfeld<\/li>\n<li><strong>Flexible Arbeitszeiten &amp; Remote-M\u00f6glichkeiten<\/strong><\/li>\n<li><strong>Ein diverses, leidenschaftliches Team<\/strong>, das Wirkung vor Egos stellt<\/li>\n<li><strong>Ein starkes Netzwerk<\/strong> aus Gr\u00fcnder:innen, Investor:innen, Kulturschaffenden &amp; Community-Akteur:innen<\/li>\n<\/ul>\n<hr \/>\n<p><strong>\u00dcber AiDiA<\/strong><\/p>\n<p><strong>AiDiA<\/strong> ist das gr\u00f6\u00dfte Business &amp; Culture Event Deutschlands. Mit dem AiDiA Pitch Event bieten wir Schwarzen Gr\u00fcnder:innen Sichtbarkeit, Zugang zu Kapital und Netzwerken \u2013 in einem Umfeld, das Wirtschaft, Culture und Community verbindet.<\/p>\n<p>Wir feiern Black Entrepreneurship. Wir bauen Br\u00fccken. Wir gestalten Zukunft.<\/p>\n<hr \/>\n<p>Neugierig? Dann schick uns:<\/p>\n<ul>\n<li>deinen Lebenslauf<\/li>\n<li>ein kurzes Motivationsschreiben<\/li>\n<li>optional: Projektbeispiel, Eventfotos\/-videos oder deine Idee f\u00fcr AiDiA<\/li>\n<\/ul>\n<p><strong><a href=\"mailto:bewerbung@aidia-pitch.de\">bewerbung@aidia-pitch.de<\/a><\/strong><\/p>\n<p><strong>Fr\u00fchester Start: 1. Juni 2025<\/strong><\/p>\n<p>Join the AiDiA Crew \u2013 Lass uns gemeinsam durchstarten! \ud83d\ude80<\/p>\n<p>[\/et_pb_toggle][dsm_contact_form_7 cf7_library=&#8220;9988&#8243; show_validation=&#8220;on&#8220; input_background_color=&#8220;RGBA(255,255,255,0)&#8220; _builder_version=&#8220;4.27.4&#8243; _module_preset=&#8220;default&#8220; labels_font_size=&#8220;16px&#8220; input_textarea_select_text_color=&#8220;#FFFFFF&#8220; input_textarea_select_font_size=&#8220;16px&#8220; custom_button_one=&#8220;on&#8220; button_one_text_color=&#8220;#FFFFFF&#8220; button_one_bg_color=&#8220;#E64448&#8243; button_one_font=&#8220;|700|||||||&#8220; button_one_use_icon=&#8220;off&#8220; border_radii_image=&#8220;on|10px|10px|10px|10px&#8220; border_width_all_image=&#8220;1px&#8220; border_color_all_image=&#8220;#FFFFFF&#8220; global_colors_info=&#8220;{}&#8220; button_one_letter_spacing__hover_enabled=&#8220;on|hover&#8220; button_one_letter_spacing__hover=&#8220;0px&#8220; button_one_bg_color__hover_enabled=&#8220;on|hover&#8220; button_one_bg_color__hover=&#8220;#ba353c&#8220; button_one_bg_enable_color__hover=&#8220;on&#8220;][\/dsm_contact_form_7][\/et_pb_column][et_pb_column type=&#8220;1_2&#8243; _builder_version=&#8220;4.27.4&#8243; _module_preset=&#8220;default&#8220; global_colors_info=&#8220;{}&#8220;][et_pb_text _builder_version=&#8220;4.27.4&#8243; _module_preset=&#8220;default&#8220; header_font=&#8220;||||||||&#8220; header_2_font=&#8220;&#8211;et_global_body_font||||||||&#8220; header_2_text_color=&#8220;#FFFFFF&#8220; header_3_font=&#8220;&#8211;et_global_body_font||||||||&#8220; header_3_text_color=&#8220;#FFFFFF&#8220; header_3_font_size=&#8220;26px&#8220; custom_margin=&#8220;||10px||false|false&#8220; global_colors_info=&#8220;{}&#8220;]<\/p>\n<h3>Initiativbewerbung<\/h3>\n<p>[\/et_pb_text][et_pb_text _builder_version=&#8220;4.27.4&#8243; _module_preset=&#8220;default&#8220; header_font=&#8220;&#8211;et_global_body_font||||||||&#8220; header_text_color=&#8220;#FFFFFF&#8220; header_line_height=&#8220;1.2em&#8220; header_font_size_tablet=&#8220;40px&#8220; header_font_size_phone=&#8220;34px&#8220; header_font_size_last_edited=&#8220;on|phone&#8220; global_colors_info=&#8220;{}&#8220;]<\/p>\n<p>Ist keine Ausschreibung dabei, die zu dir passt? Du hast aber gro\u00dfe Lust, ehrenamtlich bei AiDiA mitzuwirken? Dann nutze gerne das nachstehende Formular und schreib uns mit welchen Ideen du dich bei uns einbringen m\u00f6chtest. Wir werden uns so schnell wie m\u00f6glich bei dir melden. Vielen Dank f\u00fcr dein Interesse. Wir freuen uns mehr \u00fcber dich zu erfahren.<\/p>\n<p>[\/et_pb_text][dsm_contact_form_7 cf7_library=&#8220;5184&#8243; show_validation=&#8220;on&#8220; input_background_color=&#8220;RGBA(255,255,255,0)&#8220; _builder_version=&#8220;4.27.4&#8243; _module_preset=&#8220;default&#8220; labels_text_color=&#8220;#FFFFFF&#8220; labels_font_size=&#8220;16px&#8220; input_textarea_select_text_color=&#8220;#FFFFFF&#8220; input_textarea_select_font_size=&#8220;16px&#8220; custom_button_one=&#8220;on&#8220; button_one_text_color=&#8220;#FFFFFF&#8220; button_one_bg_color=&#8220;#E64448&#8243; button_one_font=&#8220;|700|||||||&#8220; button_one_use_icon=&#8220;off&#8220; border_radii_image=&#8220;on|10px|10px|10px|10px&#8220; border_width_all_image=&#8220;1px&#8220; border_color_all_image=&#8220;#FFFFFF&#8220; border_radii_error_validation=&#8220;on|5px|5px|5px|5px&#8220; border_radii_validation_success=&#8220;on|5px|5px|5px|5px&#8220; global_colors_info=&#8220;{}&#8220; button_one_letter_spacing__hover_enabled=&#8220;on|desktop&#8220; button_one_letter_spacing__hover=&#8220;0px&#8220; button_one_bg_color__hover_enabled=&#8220;on|hover&#8220; button_one_bg_use_color_gradient__hover=&#8220;off&#8220; box_shadow_color_button_one__hover_enabled=&#8220;on|hover&#8220; box_shadow_color_button_one__hover=&#8220;#E64448&#8243; button_one_bg_color__hover=&#8220;#ba353c&#8220; button_one_bg_enable_color__hover=&#8220;on&#8220;][\/dsm_contact_form_7][\/et_pb_column][\/et_pb_row][\/et_pb_section]<\/p>\n","protected":false},"excerpt":{"rendered":"<p>Jobs bei AiDiA \u2013 Join our Team Du m\u00f6chtest Teil des AiDiA Teams werden und hast Lust deine F\u00e4higkeiten und Kenntnisse bei uns einsetzen? Dann schau dir die aufgef\u00fchrten Jobausschreibungen [&hellip;]<\/p>\n","protected":false},"author":1,"featured_media":5243,"parent":0,"menu_order":0,"comment_status":"closed","ping_status":"closed","template":"","meta":{"_et_pb_use_builder":"on","_et_pb_old_content":"","_et_gb_content_width":"","footnotes":""},"class_list":["post-5185","page","type-page","status-publish","has-post-thumbnail","hentry"],"aioseo_notices":[],"_links":{"self":[{"href":"https:\/\/aidia-pitch.de\/en\/wp-json\/wp\/v2\/pages\/5185","targetHints":{"allow":["GET"]}}],"collection":[{"href":"https:\/\/aidia-pitch.de\/en\/wp-json\/wp\/v2\/pages"}],"about":[{"href":"https:\/\/aidia-pitch.de\/en\/wp-json\/wp\/v2\/types\/page"}],"author":[{"embeddable":true,"href":"https:\/\/aidia-pitch.de\/en\/wp-json\/wp\/v2\/users\/1"}],"replies":[{"embeddable":true,"href":"https:\/\/aidia-pitch.de\/en\/wp-json\/wp\/v2\/comments?post=5185"}],"version-history":[{"count":48,"href":"https:\/\/aidia-pitch.de\/en\/wp-json\/wp\/v2\/pages\/5185\/revisions"}],"predecessor-version":[{"id":11299,"href":"https:\/\/aidia-pitch.de\/en\/wp-json\/wp\/v2\/pages\/5185\/revisions\/11299"}],"wp:featuredmedia":[{"embeddable":true,"href":"https:\/\/aidia-pitch.de\/en\/wp-json\/wp\/v2\/media\/5243"}],"wp:attachment":[{"href":"https:\/\/aidia-pitch.de\/en\/wp-json\/wp\/v2\/media?parent=5185"}],"curies":[{"name":"wp","href":"https:\/\/api.w.org\/{rel}","templated":true}]}}